{"id":4068,"date":"2026-01-29T10:53:00","date_gmt":"2026-01-29T10:53:00","guid":{"rendered":"https:\/\/dronemissions.eu\/tarifs\/"},"modified":"2026-04-23T09:07:10","modified_gmt":"2026-04-23T09:07:10","slug":"tarifs","status":"publish","type":"page","link":"https:\/\/dronemissions.eu\/fr\/tarifs\/","title":{"rendered":"Tarifs"},"content":{"rendered":"\t\t<div data-elementor-type=\"wp-page\" data-elementor-id=\"4068\" class=\"elementor elementor-4068 elementor-2709\" data-elementor-post-type=\"page\">\n\t\t\t\t<div class=\"elementor-element elementor-element-3bdc3eb e-flex e-con-boxed e-con e-parent\" data-id=\"3bdc3eb\" data-element_type=\"container\" data-e-type=\"container\" data-settings=\"{&quot;background_background&quot;:&quot;classic&quot;}\">\n\t\t\t\t\t<div class=\"e-con-inner\">\n\t\t<div class=\"elementor-element elementor-element-daaa174 e-con-full e-flex e-con e-child\" data-id=\"daaa174\" data-element_type=\"container\" data-e-type=\"container\">\n\t\t<div class=\"elementor-element elementor-element-b262f66 e-con-full e-flex e-con e-child\" data-id=\"b262f66\" data-element_type=\"container\" data-e-type=\"container\" data-settings=\"{&quot;background_background&quot;:&quot;classic&quot;}\">\n\t\t\t\t<div class=\"elementor-element elementor-element-c6bb596 elementor-widget elementor-widget-text-editor\" data-id=\"c6bb596\" data-element_type=\"widget\" data-e-type=\"widget\" data-widget_type=\"text-editor.default\">\n\t\t\t\t<div class=\"elementor-widget-container\">\n\t\t\t\t\t\t\t\t\t<p>Tarifs<\/p>\t\t\t\t\t\t\t\t<\/div>\n\t\t\t\t<\/div>\n\t\t\t\t<div class=\"elementor-element elementor-element-113d3fe elementor-widget__width-initial elementor-widget-tablet__width-inherit elementor-widget elementor-widget-heading\" data-id=\"113d3fe\" data-element_type=\"widget\" data-e-type=\"widget\" data-widget_type=\"heading.default\">\n\t\t\t\t<div class=\"elementor-widget-container\">\n\t\t\t\t\t<h2 class=\"elementor-heading-title elementor-size-default\">Simple,\n transparent\n &amp; tout-en-un<\/h2>\t\t\t\t<\/div>\n\t\t\t\t<\/div>\n\t\t\t\t<div class=\"elementor-element elementor-element-c961a8f elementor-widget__width-inherit elementor-widget elementor-widget-text-editor\" data-id=\"c961a8f\" data-element_type=\"widget\" data-e-type=\"widget\" data-widget_type=\"text-editor.default\">\n\t\t\t\t<div class=\"elementor-widget-container\">\n\t\t\t\t\t\t\t\t\t<p>Chez DroneMissions, nous maintenons d\u00e9lib\u00e9r\u00e9ment un mod\u00e8le tarifaire simple et<br>transparent. Il n\u2019y a pas de licences complexes, pas de frais suppl\u00e9mentaires par<br>utilisateur et aucune surprise cach\u00e9e. Vous payez un montant fixe (mensuel)<br>pour le stockage de vos mod\u00e8les 3D, et toutes les donn\u00e9es restent disponibles de mani\u00e8re<br>s\u00e9curis\u00e9e et claire.  <\/p><p>Toutes les fonctionnalit\u00e9s de la plateforme sont incluses dans ce montant fixe.<br>Vous pouvez mesurer des volumes et des surfaces, analyser des hauteurs, effectuer des<br>scans de profondeur, faire des s\u00e9lections, ajouter des annotations et g\u00e9n\u00e9rer des rapports,<br>le tout sans frais suppl\u00e9mentaires. Gr\u00e2ce aux mod\u00e8les d\u2019IA int\u00e9gr\u00e9s, vous tirez<br>en plus davantage d\u2019enseignements de chaque prise de vue, sans qu\u2019aucune licence<br>suppl\u00e9mentaire ne soit n\u00e9cessaire. <\/p><p>Collaborer avec des coll\u00e8gues, des clients, des entrepreneurs ou des inspecteurs<br>est tout aussi simple. Chaque mod\u00e8le peut \u00eatre associ\u00e9 \u00e0 un nombre illimit\u00e9<br>de comptes, sans que cela n\u2019influence le prix. Vous d\u00e9terminez qui obtient l\u2019acc\u00e8s<br>et conservez ainsi toujours un contr\u00f4le total, tandis que toutes les informations restent<br>actuelles et accessibles pour toutes les personnes impliqu\u00e9es dans le projet. Vous savez ainsi<br>exactement \u00e0 quoi vous en tenir : un montant fixe, une fonctionnalit\u00e9 compl\u00e8te,<br>une collaboration illimit\u00e9e et une ma\u00eetrise maximale de vos projets.   <\/p>\t\t\t\t\t\t\t\t<\/div>\n\t\t\t\t<\/div>\n\t\t<div class=\"elementor-element elementor-element-51e4c73 e-con-full e-flex e-con e-child\" data-id=\"51e4c73\" data-element_type=\"container\" data-e-type=\"container\">\n\t\t\t\t<div class=\"elementor-element elementor-element-9472ba2 elementor-align-right elementor-widget elementor-widget-button\" data-id=\"9472ba2\" data-element_type=\"widget\" data-e-type=\"widget\" data-widget_type=\"button.default\">\n\t\t\t\t<div class=\"elementor-widget-container\">\n\t\t\t\t\t\t\t\t\t<div class=\"elementor-button-wrapper\">\n\t\t\t\t\t<a class=\"elementor-button elementor-button-link elementor-size-sm\" href=\"https:\/\/dronemissions.eu\/fr\/demander-une-demo\/\">\n\t\t\t\t\t\t<span class=\"elementor-button-content-wrapper\">\n\t\t\t\t\t\t\t\t\t<span class=\"elementor-button-text\">Demander une d\u00e9mo<\/span>\n\t\t\t\t\t<\/span>\n\t\t\t\t\t<\/a>\n\t\t\t\t<\/div>\n\t\t\t\t\t\t\t\t<\/div>\n\t\t\t\t<\/div>\n\t\t\t\t<div class=\"elementor-element elementor-element-60e9c26 elementor-align-right elementor-widget elementor-widget-button\" data-id=\"60e9c26\" data-element_type=\"widget\" data-e-type=\"widget\" data-widget_type=\"button.default\">\n\t\t\t\t<div class=\"elementor-widget-container\">\n\t\t\t\t\t\t\t\t\t<div class=\"elementor-button-wrapper\">\n\t\t\t\t\t<a class=\"elementor-button elementor-button-link elementor-size-sm\" href=\"https:\/\/dronemissions.eu\/fr\/contact\/\">\n\t\t\t\t\t\t<span class=\"elementor-button-content-wrapper\">\n\t\t\t\t\t\t\t\t\t<span class=\"elementor-button-text\">Contact<\/span>\n\t\t\t\t\t<\/span>\n\t\t\t\t\t<\/a>\n\t\t\t\t<\/div>\n\t\t\t\t\t\t\t\t<\/div>\n\t\t\t\t<\/div>\n\t\t\t\t<\/div>\n\t\t\t\t<\/div>\n\t\t<div class=\"elementor-element elementor-element-e7e7af2 e-con-full e-flex e-con e-child\" data-id=\"e7e7af2\" data-element_type=\"container\" data-e-type=\"container\">\n\t\t<div class=\"elementor-element elementor-element-a74eb85 e-con-full elementor-hidden-mobile e-flex e-con e-child\" data-id=\"a74eb85\" data-element_type=\"container\" data-e-type=\"container\">\n\t\t<div class=\"elementor-element elementor-element-ac13ebc e-con-full e-flex e-con e-child\" data-id=\"ac13ebc\" data-element_type=\"container\" data-e-type=\"container\" data-settings=\"{&quot;background_background&quot;:&quot;classic&quot;}\">\n\t\t\t\t<\/div>\n\t\t<div class=\"elementor-element elementor-element-ebc7edd e-con-full e-flex e-con e-child\" data-id=\"ebc7edd\" data-element_type=\"container\" data-e-type=\"container\">\n\t\t\t\t<\/div>\n\t\t\t\t<\/div>\n\t\t<div class=\"elementor-element elementor-element-9ea4d4c e-con-full e-flex e-con e-child\" data-id=\"9ea4d4c\" data-element_type=\"container\" data-e-type=\"container\" data-settings=\"{&quot;background_background&quot;:&quot;classic&quot;}\">\n\t\t\t\t<\/div>\n\t\t\t\t<\/div>\n\t\t\t\t<\/div>\n\t\t\t\t\t<\/div>\n\t\t\t\t<\/div>\n\t\t<div class=\"elementor-element elementor-element-1bf2b9e e-flex e-con-boxed e-con e-parent\" data-id=\"1bf2b9e\" data-element_type=\"container\" data-e-type=\"container\" data-settings=\"{&quot;background_background&quot;:&quot;classic&quot;}\">\n\t\t\t\t\t<div class=\"e-con-inner\">\n\t\t<div class=\"elementor-element elementor-element-4a238a0 e-con-full e-flex e-con e-child\" data-id=\"4a238a0\" data-element_type=\"container\" data-e-type=\"container\">\n\t\t<div class=\"elementor-element elementor-element-74b693a e-con-full e-flex e-con e-child\" data-id=\"74b693a\" data-element_type=\"container\" data-e-type=\"container\">\n\t\t<div class=\"elementor-element elementor-element-d9a7787 e-con-full e-flex e-con e-child\" data-id=\"d9a7787\" data-element_type=\"container\" data-e-type=\"container\" data-settings=\"{&quot;background_background&quot;:&quot;classic&quot;}\">\n\t\t\t\t<div class=\"elementor-element elementor-element-e76d77e elementor-position-inline-start elementor-mobile-position-inline-start elementor-view-default elementor-widget elementor-widget-icon-box\" data-id=\"e76d77e\" data-element_type=\"widget\" data-e-type=\"widget\" data-widget_type=\"icon-box.default\">\n\t\t\t\t<div class=\"elementor-widget-container\">\n\t\t\t\t\t\t\t<div class=\"elementor-icon-box-wrapper\">\n\n\t\t\t\t\t\t<div class=\"elementor-icon-box-icon\">\n\t\t\t\t<span  class=\"elementor-icon\">\n\t\t\t\t<svg xmlns=\"http:\/\/www.w3.org\/2000\/svg\" id=\"Ontwerp\" viewBox=\"0 0 20 20\"><defs><style>      .st0 {        fill: #2d5fff;      }    <\/style><\/defs><path class=\"st0\" d=\"M20,10h-10l-7.1,7.1c3.9,3.9,10.2,3.9,14.1,0h0c2-2,2.9-4.5,2.9-7.1Z\"><\/path><path class=\"st0\" d=\"M2.9,2.9C1,4.9,0,7.4,0,10h10l7.1-7.1C13.2-1,6.8-1,2.9,2.9Z\"><\/path><\/svg>\t\t\t\t<\/span>\n\t\t\t<\/div>\n\t\t\t\n\t\t\t\t\t\t<div class=\"elementor-icon-box-content\">\n\n\t\t\t\t\t\t\t\t\t<h3 class=\"elementor-icon-box-title\">\n\t\t\t\t\t\t<span  >\n\t\t\t\t\t\t\tMontant fixe par mod\u00e8le par mois\t\t\t\t\t\t<\/span>\n\t\t\t\t\t<\/h3>\n\t\t\t\t\n\t\t\t\t\t\t\t\t\t<p class=\"elementor-icon-box-description\">\n\t\t\t\t\t\tClair et transparent\t\t\t\t\t<\/p>\n\t\t\t\t\n\t\t\t<\/div>\n\t\t\t\n\t\t<\/div>\n\t\t\t\t\t\t<\/div>\n\t\t\t\t<\/div>\n\t\t\t\t<\/div>\n\t\t<div class=\"elementor-element elementor-element-81aa0e0 e-con-full e-flex e-con e-child\" data-id=\"81aa0e0\" data-element_type=\"container\" data-e-type=\"container\" data-settings=\"{&quot;background_background&quot;:&quot;classic&quot;}\">\n\t\t\t\t<div class=\"elementor-element elementor-element-772b160 elementor-position-inline-start elementor-mobile-position-inline-start elementor-view-default elementor-widget elementor-widget-icon-box\" data-id=\"772b160\" data-element_type=\"widget\" data-e-type=\"widget\" data-widget_type=\"icon-box.default\">\n\t\t\t\t<div class=\"elementor-widget-container\">\n\t\t\t\t\t\t\t<div class=\"elementor-icon-box-wrapper\">\n\n\t\t\t\t\t\t<div class=\"elementor-icon-box-icon\">\n\t\t\t\t<span  class=\"elementor-icon\">\n\t\t\t\t<svg xmlns=\"http:\/\/www.w3.org\/2000\/svg\" id=\"Ontwerp\" viewBox=\"0 0 20 20\"><defs><style>      .st0 {        fill: #2d5fff;      }    <\/style><\/defs><path class=\"st0\" d=\"M20,10h-10l-7.1,7.1c3.9,3.9,10.2,3.9,14.1,0h0c2-2,2.9-4.5,2.9-7.1Z\"><\/path><path class=\"st0\" d=\"M2.9,2.9C1,4.9,0,7.4,0,10h10l7.1-7.1C13.2-1,6.8-1,2.9,2.9Z\"><\/path><\/svg>\t\t\t\t<\/span>\n\t\t\t<\/div>\n\t\t\t\n\t\t\t\t\t\t<div class=\"elementor-icon-box-content\">\n\n\t\t\t\t\t\t\t\t\t<h3 class=\"elementor-icon-box-title\">\n\t\t\t\t\t\t<span  >\n\t\t\t\t\t\t\tNombre illimit\u00e9 de comptes\t\t\t\t\t\t<\/span>\n\t\t\t\t\t<\/h3>\n\t\t\t\t\n\t\t\t\t\t\t\t\t\t<p class=\"elementor-icon-box-description\">\n\t\t\t\t\t\tCollaboration illimit\u00e9e\t\t\t\t\t<\/p>\n\t\t\t\t\n\t\t\t<\/div>\n\t\t\t\n\t\t<\/div>\n\t\t\t\t\t\t<\/div>\n\t\t\t\t<\/div>\n\t\t\t\t<\/div>\n\t\t\t\t<\/div>\n\t\t<div class=\"elementor-element elementor-element-48e1c3c e-con-full e-flex e-con e-child\" data-id=\"48e1c3c\" data-element_type=\"container\" data-e-type=\"container\">\n\t\t<div class=\"elementor-element elementor-element-cb7e953 e-con-full e-flex e-con e-child\" data-id=\"cb7e953\" data-element_type=\"container\" data-e-type=\"container\" data-settings=\"{&quot;background_background&quot;:&quot;classic&quot;}\">\n\t\t\t\t<div class=\"elementor-element elementor-element-728dbfc elementor-position-inline-start elementor-mobile-position-inline-start elementor-view-default elementor-widget elementor-widget-icon-box\" data-id=\"728dbfc\" data-element_type=\"widget\" data-e-type=\"widget\" data-widget_type=\"icon-box.default\">\n\t\t\t\t<div class=\"elementor-widget-container\">\n\t\t\t\t\t\t\t<div class=\"elementor-icon-box-wrapper\">\n\n\t\t\t\t\t\t<div class=\"elementor-icon-box-icon\">\n\t\t\t\t<span  class=\"elementor-icon\">\n\t\t\t\t<svg xmlns=\"http:\/\/www.w3.org\/2000\/svg\" id=\"Ontwerp\" viewBox=\"0 0 20 20\"><defs><style>      .st0 {        fill: #2d5fff;      }    <\/style><\/defs><path class=\"st0\" d=\"M20,10h-10l-7.1,7.1c3.9,3.9,10.2,3.9,14.1,0h0c2-2,2.9-4.5,2.9-7.1Z\"><\/path><path class=\"st0\" d=\"M2.9,2.9C1,4.9,0,7.4,0,10h10l7.1-7.1C13.2-1,6.8-1,2.9,2.9Z\"><\/path><\/svg>\t\t\t\t<\/span>\n\t\t\t<\/div>\n\t\t\t\n\t\t\t\t\t\t<div class=\"elementor-icon-box-content\">\n\n\t\t\t\t\t\t\t\t\t<h3 class=\"elementor-icon-box-title\">\n\t\t\t\t\t\t<span  >\n\t\t\t\t\t\t\tFonctionnalit\u00e9 compl\u00e8te\t\t\t\t\t\t<\/span>\n\t\t\t\t\t<\/h3>\n\t\t\t\t\n\t\t\t\t\t\t\t\t\t<p class=\"elementor-icon-box-description\">\n\t\t\t\t\t\tAucune fonctionnalit\u00e9 derri\u00e8re un paywall\t\t\t\t\t<\/p>\n\t\t\t\t\n\t\t\t<\/div>\n\t\t\t\n\t\t<\/div>\n\t\t\t\t\t\t<\/div>\n\t\t\t\t<\/div>\n\t\t\t\t<\/div>\n\t\t<div class=\"elementor-element elementor-element-f47072a e-con-full e-flex e-con e-child\" data-id=\"f47072a\" data-element_type=\"container\" data-e-type=\"container\" data-settings=\"{&quot;background_background&quot;:&quot;classic&quot;}\">\n\t\t\t\t<div class=\"elementor-element elementor-element-0cc73ab elementor-position-inline-start elementor-mobile-position-inline-start elementor-view-default elementor-widget elementor-widget-icon-box\" data-id=\"0cc73ab\" data-element_type=\"widget\" data-e-type=\"widget\" data-widget_type=\"icon-box.default\">\n\t\t\t\t<div class=\"elementor-widget-container\">\n\t\t\t\t\t\t\t<div class=\"elementor-icon-box-wrapper\">\n\n\t\t\t\t\t\t<div class=\"elementor-icon-box-icon\">\n\t\t\t\t<span  class=\"elementor-icon\">\n\t\t\t\t<svg xmlns=\"http:\/\/www.w3.org\/2000\/svg\" id=\"Ontwerp\" viewBox=\"0 0 20 20\"><defs><style>      .st0 {        fill: #2d5fff;      }    <\/style><\/defs><path class=\"st0\" d=\"M20,10h-10l-7.1,7.1c3.9,3.9,10.2,3.9,14.1,0h0c2-2,2.9-4.5,2.9-7.1Z\"><\/path><path class=\"st0\" d=\"M2.9,2.9C1,4.9,0,7.4,0,10h10l7.1-7.1C13.2-1,6.8-1,2.9,2.9Z\"><\/path><\/svg>\t\t\t\t<\/span>\n\t\t\t<\/div>\n\t\t\t\n\t\t\t\t\t\t<div class=\"elementor-icon-box-content\">\n\n\t\t\t\t\t\t\t\t\t<h3 class=\"elementor-icon-box-title\">\n\t\t\t\t\t\t<span  >\n\t\t\t\t\t\t\tSans engagement\t\t\t\t\t\t<\/span>\n\t\t\t\t\t<\/h3>\n\t\t\t\t\n\t\t\t\t\t\t\t\t\t<p class=\"elementor-icon-box-description\">\n\t\t\t\t\t\tPlus de paiements apr\u00e8s la suppression du mod\u00e8le\t\t\t\t\t<\/p>\n\t\t\t\t\n\t\t\t<\/div>\n\t\t\t\n\t\t<\/div>\n\t\t\t\t\t\t<\/div>\n\t\t\t\t<\/div>\n\t\t\t\t<\/div>\n\t\t\t\t<\/div>\n\t\t<div class=\"elementor-element elementor-element-4d52bf6 e-con-full e-flex e-con e-child\" data-id=\"4d52bf6\" data-element_type=\"container\" data-e-type=\"container\">\n\t\t<div class=\"elementor-element elementor-element-df4cece e-con-full e-flex e-con e-child\" data-id=\"df4cece\" data-element_type=\"container\" data-e-type=\"container\" data-settings=\"{&quot;background_background&quot;:&quot;classic&quot;}\">\n\t\t\t\t<div class=\"elementor-element elementor-element-207e4cc elementor-position-inline-start elementor-mobile-position-inline-start elementor-view-default elementor-widget elementor-widget-icon-box\" data-id=\"207e4cc\" data-element_type=\"widget\" data-e-type=\"widget\" data-widget_type=\"icon-box.default\">\n\t\t\t\t<div class=\"elementor-widget-container\">\n\t\t\t\t\t\t\t<div class=\"elementor-icon-box-wrapper\">\n\n\t\t\t\t\t\t<div class=\"elementor-icon-box-icon\">\n\t\t\t\t<span  class=\"elementor-icon\">\n\t\t\t\t<svg xmlns=\"http:\/\/www.w3.org\/2000\/svg\" id=\"Ontwerp\" viewBox=\"0 0 20 20\"><defs><style>      .st0 {        fill: #2d5fff;      }    <\/style><\/defs><path class=\"st0\" d=\"M20,10h-10l-7.1,7.1c3.9,3.9,10.2,3.9,14.1,0h0c2-2,2.9-4.5,2.9-7.1Z\"><\/path><path class=\"st0\" d=\"M2.9,2.9C1,4.9,0,7.4,0,10h10l7.1-7.1C13.2-1,6.8-1,2.9,2.9Z\"><\/path><\/svg>\t\t\t\t<\/span>\n\t\t\t<\/div>\n\t\t\t\n\t\t\t\t\t\t<div class=\"elementor-icon-box-content\">\n\n\t\t\t\t\t\t\t\t\t<h3 class=\"elementor-icon-box-title\">\n\t\t\t\t\t\t<span  >\n\t\t\t\t\t\t\tFacturation mensuelle\t\t\t\t\t\t<\/span>\n\t\t\t\t\t<\/h3>\n\t\t\t\t\n\t\t\t\t\t\t\t\t\t<p class=\"elementor-icon-box-description\">\n\t\t\t\t\t\tAper\u00e7u clair\t\t\t\t\t<\/p>\n\t\t\t\t\n\t\t\t<\/div>\n\t\t\t\n\t\t<\/div>\n\t\t\t\t\t\t<\/div>\n\t\t\t\t<\/div>\n\t\t\t\t<\/div>\n\t\t<div class=\"elementor-element elementor-element-24d6734 e-con-full e-flex e-con e-child\" data-id=\"24d6734\" data-element_type=\"container\" data-e-type=\"container\" data-settings=\"{&quot;background_background&quot;:&quot;classic&quot;}\">\n\t\t\t\t<div class=\"elementor-element elementor-element-d1eedbf elementor-position-inline-start elementor-mobile-position-inline-start elementor-view-default elementor-widget elementor-widget-icon-box\" data-id=\"d1eedbf\" data-element_type=\"widget\" data-e-type=\"widget\" data-widget_type=\"icon-box.default\">\n\t\t\t\t<div class=\"elementor-widget-container\">\n\t\t\t\t\t\t\t<div class=\"elementor-icon-box-wrapper\">\n\n\t\t\t\t\t\t<div class=\"elementor-icon-box-icon\">\n\t\t\t\t<span  class=\"elementor-icon\">\n\t\t\t\t<svg xmlns=\"http:\/\/www.w3.org\/2000\/svg\" id=\"Ontwerp\" viewBox=\"0 0 20 20\"><defs><style>      .st0 {        fill: #2d5fff;      }    <\/style><\/defs><path class=\"st0\" d=\"M20,10h-10l-7.1,7.1c3.9,3.9,10.2,3.9,14.1,0h0c2-2,2.9-4.5,2.9-7.1Z\"><\/path><path class=\"st0\" d=\"M2.9,2.9C1,4.9,0,7.4,0,10h10l7.1-7.1C13.2-1,6.8-1,2.9,2.9Z\"><\/path><\/svg>\t\t\t\t<\/span>\n\t\t\t<\/div>\n\t\t\t\n\t\t\t\t\t\t<div class=\"elementor-icon-box-content\">\n\n\t\t\t\t\t\t\t\t\t<h3 class=\"elementor-icon-box-title\">\n\t\t\t\t\t\t<span  >\n\t\t\t\t\t\t\tGel des donn\u00e9es\t\t\t\t\t\t<\/span>\n\t\t\t\t\t<\/h3>\n\t\t\t\t\n\t\t\t\t\t\t\t\t\t<p class=\"elementor-icon-box-description\">\n\t\t\t\t\t\tSi un mod\u00e8le doit uniquement \u00eatre conserv\u00e9 sans \u00eatre accessible activement, r\u00e9duction de 50 %\t\t\t\t\t<\/p>\n\t\t\t\t\n\t\t\t<\/div>\n\t\t\t\n\t\t<\/div>\n\t\t\t\t\t\t<\/div>\n\t\t\t\t<\/div>\n\t\t\t\t<\/div>\n\t\t\t\t<\/div>\n\t\t\t\t<\/div>\n\t\t\t\t\t<\/div>\n\t\t\t\t<\/div>\n\t\t\t\t<\/div>\n\t\t","protected":false},"excerpt":{"rendered":"<p>Tarifs Simple, transparent &amp; tout-en-un Chez DroneMissions, nous maintenons d\u00e9lib\u00e9r\u00e9ment un mod\u00e8le tarifaire simple ettransparent. Il n\u2019y a pas de licences complexes, pas de frais suppl\u00e9mentaires parutilisateur et aucune surprise cach\u00e9e. Vous payez un montant fixe (mensuel)pour le stockage de vos mod\u00e8les 3D, et toutes les donn\u00e9es restent disponibles de mani\u00e8res\u00e9curis\u00e9e et claire. Toutes les [&hellip;]<\/p>\n","protected":false},"author":2,"featured_media":0,"parent":0,"menu_order":0,"comment_status":"closed","ping_status":"closed","template":"elementor_header_footer","meta":{"footnotes":""},"class_list":["post-4068","page","type-page","status-publish","hentry"],"_links":{"self":[{"href":"https:\/\/dronemissions.eu\/fr\/wp-json\/wp\/v2\/pages\/4068","targetHints":{"allow":["GET"]}}],"collection":[{"href":"https:\/\/dronemissions.eu\/fr\/wp-json\/wp\/v2\/pages"}],"about":[{"href":"https:\/\/dronemissions.eu\/fr\/wp-json\/wp\/v2\/types\/page"}],"author":[{"embeddable":true,"href":"https:\/\/dronemissions.eu\/fr\/wp-json\/wp\/v2\/users\/2"}],"replies":[{"embeddable":true,"href":"https:\/\/dronemissions.eu\/fr\/wp-json\/wp\/v2\/comments?post=4068"}],"version-history":[{"count":8,"href":"https:\/\/dronemissions.eu\/fr\/wp-json\/wp\/v2\/pages\/4068\/revisions"}],"predecessor-version":[{"id":5096,"href":"https:\/\/dronemissions.eu\/fr\/wp-json\/wp\/v2\/pages\/4068\/revisions\/5096"}],"wp:attachment":[{"href":"https:\/\/dronemissions.eu\/fr\/wp-json\/wp\/v2\/media?parent=4068"}],"curies":[{"name":"wp","href":"https:\/\/api.w.org\/{rel}","templated":true}]}}