{"id":4776,"date":"2026-03-26T09:23:21","date_gmt":"2026-03-26T09:23:21","guid":{"rendered":"https:\/\/dronemissions.eu\/medicion\/"},"modified":"2026-04-08T07:32:25","modified_gmt":"2026-04-08T07:32:25","slug":"medicion","status":"publish","type":"page","link":"https:\/\/dronemissions.eu\/es\/medicion\/","title":{"rendered":"Medici\u00f3n"},"content":{"rendered":"\t\t<div data-elementor-type=\"wp-page\" data-elementor-id=\"4776\" class=\"elementor elementor-4776 elementor-4773\" data-elementor-post-type=\"page\">\n\t\t\t\t<div class=\"elementor-element elementor-element-e6d07e5 e-flex e-con-boxed e-con e-parent\" data-id=\"e6d07e5\" data-element_type=\"container\" data-e-type=\"container\" data-settings=\"{&quot;background_background&quot;:&quot;classic&quot;}\">\n\t\t\t\t\t<div class=\"e-con-inner\">\n\t\t<div class=\"elementor-element elementor-element-bc7b5c0 e-con-full e-flex e-con e-child\" data-id=\"bc7b5c0\" data-element_type=\"container\" data-e-type=\"container\">\n\t\t<div class=\"elementor-element elementor-element-d110561 e-con-full e-flex e-con e-child\" data-id=\"d110561\" data-element_type=\"container\" data-e-type=\"container\" data-settings=\"{&quot;background_background&quot;:&quot;classic&quot;}\">\n\t\t\t\t<div class=\"elementor-element elementor-element-8900dd1 elementor-widget elementor-widget-text-editor\" data-id=\"8900dd1\" data-element_type=\"widget\" data-e-type=\"widget\" data-widget_type=\"text-editor.default\">\n\t\t\t\t<div class=\"elementor-widget-container\">\n\t\t\t\t\t\t\t\t\t<p>Portal de DroneMissions<\/p>\t\t\t\t\t\t\t\t<\/div>\n\t\t\t\t<\/div>\n\t\t\t\t<div class=\"elementor-element elementor-element-50c6cf2 elementor-widget__width-initial elementor-widget-tablet__width-inherit elementor-widget elementor-widget-heading\" data-id=\"50c6cf2\" data-element_type=\"widget\" data-e-type=\"widget\" data-widget_type=\"heading.default\">\n\t\t\t\t<div class=\"elementor-widget-container\">\n\t\t\t\t\t<h2 class=\"elementor-heading-title elementor-size-default\">Medici\u00f3n<\/h2>\t\t\t\t<\/div>\n\t\t\t\t<\/div>\n\t\t\t\t<div class=\"elementor-element elementor-element-4588170 elementor-widget__width-inherit elementor-widget elementor-widget-text-editor\" data-id=\"4588170\" data-element_type=\"widget\" data-e-type=\"widget\" data-widget_type=\"text-editor.default\">\n\t\t\t\t<div class=\"elementor-widget-container\">\n\t\t\t\t\t\t\t\t\t<p><span style=\"font-weight: 400;\">Con la funcionalidad de medici\u00f3n de DroneMissions, puede realizar mediciones de alta precisi\u00f3n dentro del modelo 3D. Esta funcionalidad permite determinar distancias, superficies y vol\u00famenes con una precisi\u00f3n de nivel centim\u00e9trico. Gracias a ello, tanto las mediciones sencillas como las complejas pueden llevarse a cabo de forma r\u00e1pida y fiable.  <\/span><\/p>\t\t\t\t\t\t\t\t<\/div>\n\t\t\t\t<\/div>\n\t\t<div class=\"elementor-element elementor-element-b9e6456 e-con-full e-flex e-con e-child\" data-id=\"b9e6456\" data-element_type=\"container\" data-e-type=\"container\">\n\t\t\t\t<div class=\"elementor-element elementor-element-c6f8406 elementor-align-right elementor-widget elementor-widget-button\" data-id=\"c6f8406\" data-element_type=\"widget\" data-e-type=\"widget\" data-widget_type=\"button.default\">\n\t\t\t\t<div class=\"elementor-widget-container\">\n\t\t\t\t\t\t\t\t\t<div class=\"elementor-button-wrapper\">\n\t\t\t\t\t<a class=\"elementor-button elementor-button-link elementor-size-sm\" href=\"#meer\">\n\t\t\t\t\t\t<span class=\"elementor-button-content-wrapper\">\n\t\t\t\t\t\t\t\t\t<span class=\"elementor-button-text\">M\u00e1s informaci\u00f3n<\/span>\n\t\t\t\t\t<\/span>\n\t\t\t\t\t<\/a>\n\t\t\t\t<\/div>\n\t\t\t\t\t\t\t\t<\/div>\n\t\t\t\t<\/div>\n\t\t\t\t<\/div>\n\t\t\t\t<\/div>\n\t\t<div class=\"elementor-element elementor-element-6469181 e-con-full e-flex e-con e-child\" data-id=\"6469181\" data-element_type=\"container\" data-e-type=\"container\">\n\t\t<div class=\"elementor-element elementor-element-6f7e4be e-con-full e-flex e-con e-child\" data-id=\"6f7e4be\" data-element_type=\"container\" data-e-type=\"container\">\n\t\t<div class=\"elementor-element elementor-element-93e8632 e-con-full e-flex e-con e-child\" data-id=\"93e8632\" data-element_type=\"container\" data-e-type=\"container\" data-settings=\"{&quot;background_background&quot;:&quot;classic&quot;}\">\n\t\t\t\t<\/div>\n\t\t<div class=\"elementor-element elementor-element-c851984 e-con-full elementor-hidden-mobile e-flex e-con e-child\" data-id=\"c851984\" data-element_type=\"container\" data-e-type=\"container\">\n\t\t\t\t<\/div>\n\t\t\t\t<\/div>\n\t\t<div class=\"elementor-element elementor-element-9a1d30d e-con-full e-flex e-con e-child\" data-id=\"9a1d30d\" data-element_type=\"container\" data-e-type=\"container\" data-settings=\"{&quot;background_background&quot;:&quot;classic&quot;}\">\n\t\t\t\t<\/div>\n\t\t\t\t<\/div>\n\t\t\t\t<\/div>\n\t\t<div class=\"elementor-element elementor-element-912c8b7 e-con-full e-flex e-con e-child\" data-id=\"912c8b7\" data-element_type=\"container\" data-e-type=\"container\" id=\"meer\">\n\t\t\t\t<div class=\"elementor-element elementor-element-58852cb e-n-tabs-mobile elementor-widget elementor-widget-n-tabs\" data-id=\"58852cb\" data-element_type=\"widget\" data-e-type=\"widget\" data-widget_type=\"nested-tabs.default\">\n\t\t\t\t<div class=\"elementor-widget-container\">\n\t\t\t\t\t\t\t<div class=\"e-n-tabs\" data-widget-number=\"92820171\" aria-label=\"Pesta\u00f1as. Abre elementos con Intro o Espacio, ci\u00e9rralos con Escape y navega con las fechas.\">\n\t\t\t<div class=\"e-n-tabs-heading\" role=\"tablist\">\n\t\t\t\t\t<button id=\"e-n-tab-title-928201711\" data-tab-title-id=\"e-n-tab-title-928201711\" class=\"e-n-tab-title\" aria-selected=\"true\" data-tab-index=\"1\" role=\"tab\" tabindex=\"0\" aria-controls=\"e-n-tab-content-928201711\" style=\"--n-tabs-title-order: 1;\">\n\t\t\t\t\t\t<span class=\"e-n-tab-title-text\">\n\t\t\t\t\u00bfC\u00f3mo funciona?\t\t\t<\/span>\n\t\t<\/button>\n\t\t\t\t<button id=\"e-n-tab-title-928201712\" data-tab-title-id=\"e-n-tab-title-928201712\" class=\"e-n-tab-title\" aria-selected=\"false\" data-tab-index=\"2\" role=\"tab\" tabindex=\"-1\" aria-controls=\"e-n-tab-content-928201712\" style=\"--n-tabs-title-order: 2;\">\n\t\t\t\t\t\t<span class=\"e-n-tab-title-text\">\n\t\t\t\t\u00bfQu\u00e9 significa esto en concreto?\t\t\t<\/span>\n\t\t<\/button>\n\t\t\t\t<button id=\"e-n-tab-title-928201713\" data-tab-title-id=\"e-n-tab-title-928201713\" class=\"e-n-tab-title\" aria-selected=\"false\" data-tab-index=\"3\" role=\"tab\" tabindex=\"-1\" aria-controls=\"e-n-tab-content-928201713\" style=\"--n-tabs-title-order: 3;\">\n\t\t\t\t\t\t<span class=\"e-n-tab-title-text\">\n\t\t\t\tEjemplos pr\u00e1cticos\t\t\t<\/span>\n\t\t<\/button>\n\t\t\t\t<button id=\"e-n-tab-title-928201714\" data-tab-title-id=\"e-n-tab-title-928201714\" class=\"e-n-tab-title\" aria-selected=\"false\" data-tab-index=\"4\" role=\"tab\" tabindex=\"-1\" aria-controls=\"e-n-tab-content-928201714\" style=\"--n-tabs-title-order: 4;\">\n\t\t\t\t\t\t<span class=\"e-n-tab-title-text\">\n\t\t\t\tVentajas\t\t\t<\/span>\n\t\t<\/button>\n\t\t\t\t<button id=\"e-n-tab-title-928201715\" data-tab-title-id=\"e-n-tab-title-928201715\" class=\"e-n-tab-title\" aria-selected=\"false\" data-tab-index=\"5\" role=\"tab\" tabindex=\"-1\" aria-controls=\"e-n-tab-content-928201715\" style=\"--n-tabs-title-order: 5;\">\n\t\t\t\t\t\t<span class=\"e-n-tab-title-text\">\n\t\t\t\tEn resumen\t\t\t<\/span>\n\t\t<\/button>\n\t\t\t\t\t<\/div>\n\t\t\t<div class=\"e-n-tabs-content\">\n\t\t\t\t<div id=\"e-n-tab-content-928201711\" role=\"tabpanel\" aria-labelledby=\"e-n-tab-title-928201711\" data-tab-index=\"1\" style=\"--n-tabs-title-order: 1;\" class=\"e-active elementor-element elementor-element-5e72923 e-con-full e-flex e-con e-child\" data-id=\"5e72923\" data-element_type=\"container\" data-e-type=\"container\">\n\t\t<div class=\"elementor-element elementor-element-569896e e-flex e-con-boxed e-con e-child\" data-id=\"569896e\" data-element_type=\"container\" data-e-type=\"container\">\n\t\t\t\t\t<div class=\"e-con-inner\">\n\t\t\t\t<div class=\"elementor-element elementor-element-b09c98b elementor-view-default elementor-widget elementor-widget-icon\" data-id=\"b09c98b\" data-element_type=\"widget\" data-e-type=\"widget\" data-widget_type=\"icon.default\">\n\t\t\t\t<div class=\"elementor-widget-container\">\n\t\t\t\t\t\t\t<div class=\"elementor-icon-wrapper\">\n\t\t\t<div class=\"elementor-icon\">\n\t\t\t<svg xmlns=\"http:\/\/www.w3.org\/2000\/svg\" id=\"Ontwerp\" viewBox=\"0 0 20 20\"><defs><style>      .st0 {        fill: #2d5fff;      }    <\/style><\/defs><path class=\"st0\" d=\"M20,10h-10l-7.1,7.1c3.9,3.9,10.2,3.9,14.1,0h0c2-2,2.9-4.5,2.9-7.1Z\"><\/path><path class=\"st0\" d=\"M2.9,2.9C1,4.9,0,7.4,0,10h10l7.1-7.1C13.2-1,6.8-1,2.9,2.9Z\"><\/path><\/svg>\t\t\t<\/div>\n\t\t<\/div>\n\t\t\t\t\t\t<\/div>\n\t\t\t\t<\/div>\n\t\t\t\t<div class=\"elementor-element elementor-element-cbc8b35 elementor-widget__width-inherit elementor-widget-tablet__width-inherit elementor-widget elementor-widget-heading\" data-id=\"cbc8b35\" data-element_type=\"widget\" data-e-type=\"widget\" data-widget_type=\"heading.default\">\n\t\t\t\t<div class=\"elementor-widget-container\">\n\t\t\t\t\t<h2 class=\"elementor-heading-title elementor-size-default\">\u00bfC\u00f3mo funciona?<\/h2>\t\t\t\t<\/div>\n\t\t\t\t<\/div>\n\t\t\t\t<div class=\"elementor-element elementor-element-e7ea785 elementor-widget__width-initial elementor-widget elementor-widget-text-editor\" data-id=\"e7ea785\" data-element_type=\"widget\" data-e-type=\"widget\" data-widget_type=\"text-editor.default\">\n\t\t\t\t<div class=\"elementor-widget-container\">\n\t\t\t\t\t\t\t\t\t<ol><li style=\"font-weight: 400;\" aria-level=\"1\"><span style=\"font-weight: 400;\">Seleccione la funcionalidad de medici\u00f3n en el men\u00fa <\/span><\/li><li style=\"font-weight: 400;\" aria-level=\"1\"><span style=\"font-weight: 400;\">Elija el tipo de medici\u00f3n: l\u00ednea, superficie o volumen<\/span><\/li><li style=\"font-weight: 400;\" aria-level=\"1\"><span style=\"font-weight: 400;\">Para mediciones precisas: determine usted mismo el radio del indicador; cuanto m\u00e1s peque\u00f1o, m\u00e1s preciso<\/span><\/li><li style=\"font-weight: 400;\" aria-level=\"1\"><span style=\"font-weight: 400;\">Coloque los puntos de medici\u00f3n en el modelo <\/span><\/li><li style=\"font-weight: 400;\" aria-level=\"1\"><span style=\"font-weight: 400;\">Finalice la medici\u00f3n (en caso de superficie o volumen) <\/span><\/li><li style=\"font-weight: 400;\" aria-level=\"1\"><span style=\"font-weight: 400;\">El valor medido se muestra de inmediato <\/span><\/li><\/ol>\t\t\t\t\t\t\t\t<\/div>\n\t\t\t\t<\/div>\n\t\t\t\t\t<\/div>\n\t\t\t\t<\/div>\n\t\t\t\t<\/div>\n\t\t<div id=\"e-n-tab-content-928201712\" role=\"tabpanel\" aria-labelledby=\"e-n-tab-title-928201712\" data-tab-index=\"2\" style=\"--n-tabs-title-order: 2;\" class=\" elementor-element elementor-element-e61e188 e-con-full e-flex e-con e-child\" data-id=\"e61e188\" data-element_type=\"container\" data-e-type=\"container\">\n\t\t<div class=\"elementor-element elementor-element-7cfcc2a e-flex e-con-boxed e-con e-child\" data-id=\"7cfcc2a\" data-element_type=\"container\" data-e-type=\"container\">\n\t\t\t\t\t<div class=\"e-con-inner\">\n\t\t\t\t<div class=\"elementor-element elementor-element-663f8ba elementor-view-default elementor-widget elementor-widget-icon\" data-id=\"663f8ba\" data-element_type=\"widget\" data-e-type=\"widget\" data-widget_type=\"icon.default\">\n\t\t\t\t<div class=\"elementor-widget-container\">\n\t\t\t\t\t\t\t<div class=\"elementor-icon-wrapper\">\n\t\t\t<div class=\"elementor-icon\">\n\t\t\t<svg xmlns=\"http:\/\/www.w3.org\/2000\/svg\" id=\"Ontwerp\" viewBox=\"0 0 20 20\"><defs><style>      .st0 {        fill: #2d5fff;      }    <\/style><\/defs><path class=\"st0\" d=\"M20,10h-10l-7.1,7.1c3.9,3.9,10.2,3.9,14.1,0h0c2-2,2.9-4.5,2.9-7.1Z\"><\/path><path class=\"st0\" d=\"M2.9,2.9C1,4.9,0,7.4,0,10h10l7.1-7.1C13.2-1,6.8-1,2.9,2.9Z\"><\/path><\/svg>\t\t\t<\/div>\n\t\t<\/div>\n\t\t\t\t\t\t<\/div>\n\t\t\t\t<\/div>\n\t\t\t\t<div class=\"elementor-element elementor-element-4a5a22c elementor-widget__width-inherit elementor-widget-tablet__width-inherit elementor-widget elementor-widget-heading\" data-id=\"4a5a22c\" data-element_type=\"widget\" data-e-type=\"widget\" data-widget_type=\"heading.default\">\n\t\t\t\t<div class=\"elementor-widget-container\">\n\t\t\t\t\t<h2 class=\"elementor-heading-title elementor-size-default\">Qu\u00e9 significa esto en concreto<\/h2>\t\t\t\t<\/div>\n\t\t\t\t<\/div>\n\t\t\t\t<div class=\"elementor-element elementor-element-b0f6fa8 elementor-widget__width-initial elementor-widget elementor-widget-text-editor\" data-id=\"b0f6fa8\" data-element_type=\"widget\" data-e-type=\"widget\" data-widget_type=\"text-editor.default\">\n\t\t\t\t<div class=\"elementor-widget-container\">\n\t\t\t\t\t\t\t\t\t<ul><li style=\"font-weight: 400;\" aria-level=\"1\"><span style=\"font-weight: 400;\">Puede medir distancias, superficies y vol\u00famenes <\/span><\/li><li style=\"font-weight: 400;\" aria-level=\"1\"><span style=\"font-weight: 400;\">Las mediciones son muy precisas (hasta el nivel de cent\u00edmetros) <\/span><\/li><li style=\"font-weight: 400;\" aria-level=\"1\"><span style=\"font-weight: 400;\">Se pueden medir tanto peque\u00f1os detalles como modelos completos <\/span><\/li><\/ul>\t\t\t\t\t\t\t\t<\/div>\n\t\t\t\t<\/div>\n\t\t\t\t\t<\/div>\n\t\t\t\t<\/div>\n\t\t\t\t<\/div>\n\t\t<div id=\"e-n-tab-content-928201713\" role=\"tabpanel\" aria-labelledby=\"e-n-tab-title-928201713\" data-tab-index=\"3\" style=\"--n-tabs-title-order: 3;\" class=\" elementor-element elementor-element-061c79c e-con-full e-flex e-con e-child\" data-id=\"061c79c\" data-element_type=\"container\" data-e-type=\"container\">\n\t\t<div class=\"elementor-element elementor-element-938ff58 e-flex e-con-boxed e-con e-child\" data-id=\"938ff58\" data-element_type=\"container\" data-e-type=\"container\">\n\t\t\t\t\t<div class=\"e-con-inner\">\n\t\t\t\t<div class=\"elementor-element elementor-element-0468e4f elementor-view-default elementor-widget elementor-widget-icon\" data-id=\"0468e4f\" data-element_type=\"widget\" data-e-type=\"widget\" data-widget_type=\"icon.default\">\n\t\t\t\t<div class=\"elementor-widget-container\">\n\t\t\t\t\t\t\t<div class=\"elementor-icon-wrapper\">\n\t\t\t<div class=\"elementor-icon\">\n\t\t\t<svg xmlns=\"http:\/\/www.w3.org\/2000\/svg\" id=\"Ontwerp\" viewBox=\"0 0 20 20\"><defs><style>      .st0 {        fill: #2d5fff;      }    <\/style><\/defs><path class=\"st0\" d=\"M20,10h-10l-7.1,7.1c3.9,3.9,10.2,3.9,14.1,0h0c2-2,2.9-4.5,2.9-7.1Z\"><\/path><path class=\"st0\" d=\"M2.9,2.9C1,4.9,0,7.4,0,10h10l7.1-7.1C13.2-1,6.8-1,2.9,2.9Z\"><\/path><\/svg>\t\t\t<\/div>\n\t\t<\/div>\n\t\t\t\t\t\t<\/div>\n\t\t\t\t<\/div>\n\t\t\t\t<div class=\"elementor-element elementor-element-a0f6099 elementor-widget__width-inherit elementor-widget-tablet__width-inherit elementor-widget elementor-widget-heading\" data-id=\"a0f6099\" data-element_type=\"widget\" data-e-type=\"widget\" data-widget_type=\"heading.default\">\n\t\t\t\t<div class=\"elementor-widget-container\">\n\t\t\t\t\t<h2 class=\"elementor-heading-title elementor-size-default\">Ejemplos pr\u00e1cticos<\/h2>\t\t\t\t<\/div>\n\t\t\t\t<\/div>\n\t\t\t\t<div class=\"elementor-element elementor-element-c50478e elementor-widget__width-initial elementor-widget elementor-widget-text-editor\" data-id=\"c50478e\" data-element_type=\"widget\" data-e-type=\"widget\" data-widget_type=\"text-editor.default\">\n\t\t\t\t<div class=\"elementor-widget-container\">\n\t\t\t\t\t\t\t\t\t<p><span style=\"font-weight: 400;\">Puede medir f\u00e1cilmente la longitud de una fachada, determinar la superficie de un tejado o calcular el volumen de un mont\u00f3n de arena o de una excavaci\u00f3n. Tambi\u00e9n se pueden mapear con precisi\u00f3n objetos que, en la pr\u00e1ctica, resultan dif\u00edciles de medir. <\/span><\/p>\t\t\t\t\t\t\t\t<\/div>\n\t\t\t\t<\/div>\n\t\t\t\t\t<\/div>\n\t\t\t\t<\/div>\n\t\t\t\t<\/div>\n\t\t<div id=\"e-n-tab-content-928201714\" role=\"tabpanel\" aria-labelledby=\"e-n-tab-title-928201714\" data-tab-index=\"4\" style=\"--n-tabs-title-order: 4;\" class=\" elementor-element elementor-element-c5526a8 e-flex e-con-boxed e-con e-child\" data-id=\"c5526a8\" data-element_type=\"container\" data-e-type=\"container\">\n\t\t\t\t\t<div class=\"e-con-inner\">\n\t\t<div class=\"elementor-element elementor-element-b6311da e-con-full e-flex e-con e-child\" data-id=\"b6311da\" data-element_type=\"container\" data-e-type=\"container\">\n\t\t\t\t<div class=\"elementor-element elementor-element-71d3d31 elementor-view-default elementor-widget elementor-widget-icon\" data-id=\"71d3d31\" data-element_type=\"widget\" data-e-type=\"widget\" data-widget_type=\"icon.default\">\n\t\t\t\t<div class=\"elementor-widget-container\">\n\t\t\t\t\t\t\t<div class=\"elementor-icon-wrapper\">\n\t\t\t<div class=\"elementor-icon\">\n\t\t\t<svg xmlns=\"http:\/\/www.w3.org\/2000\/svg\" id=\"Ontwerp\" viewBox=\"0 0 20 20\"><defs><style>      .st0 {        fill: #2d5fff;      }    <\/style><\/defs><path class=\"st0\" d=\"M20,10h-10l-7.1,7.1c3.9,3.9,10.2,3.9,14.1,0h0c2-2,2.9-4.5,2.9-7.1Z\"><\/path><path class=\"st0\" d=\"M2.9,2.9C1,4.9,0,7.4,0,10h10l7.1-7.1C13.2-1,6.8-1,2.9,2.9Z\"><\/path><\/svg>\t\t\t<\/div>\n\t\t<\/div>\n\t\t\t\t\t\t<\/div>\n\t\t\t\t<\/div>\n\t\t\t\t<div class=\"elementor-element elementor-element-64fcf65 elementor-widget__width-inherit elementor-widget-tablet__width-inherit elementor-widget elementor-widget-heading\" data-id=\"64fcf65\" data-element_type=\"widget\" data-e-type=\"widget\" data-widget_type=\"heading.default\">\n\t\t\t\t<div class=\"elementor-widget-container\">\n\t\t\t\t\t<h2 class=\"elementor-heading-title elementor-size-default\">Ventajas<\/h2>\t\t\t\t<\/div>\n\t\t\t\t<\/div>\n\t\t\t\t<div class=\"elementor-element elementor-element-d77d95d elementor-widget__width-initial elementor-widget elementor-widget-text-editor\" data-id=\"d77d95d\" data-element_type=\"widget\" data-e-type=\"widget\" data-widget_type=\"text-editor.default\">\n\t\t\t\t<div class=\"elementor-widget-container\">\n\t\t\t\t\t\t\t\t\t<ul><li style=\"font-weight: 400;\" aria-level=\"1\"><span style=\"font-weight: 400;\">Mediciones r\u00e1pidas y precisas sin necesidad de presencia f\u00edsica <\/span><\/li><li style=\"font-weight: 400;\" aria-level=\"1\"><span style=\"font-weight: 400;\">Adecuado para objetos complejos y de dif\u00edcil acceso <\/span><\/li><li style=\"font-weight: 400;\" aria-level=\"1\"><span style=\"font-weight: 400;\">Soporte en an\u00e1lisis, c\u00e1lculo y control <\/span><\/li><\/ul>\t\t\t\t\t\t\t\t<\/div>\n\t\t\t\t<\/div>\n\t\t\t\t<\/div>\n\t\t\t\t\t<\/div>\n\t\t\t\t<\/div>\n\t\t<div id=\"e-n-tab-content-928201715\" role=\"tabpanel\" aria-labelledby=\"e-n-tab-title-928201715\" data-tab-index=\"5\" style=\"--n-tabs-title-order: 5;\" class=\" elementor-element elementor-element-fb142b2 e-flex e-con-boxed e-con e-child\" data-id=\"fb142b2\" data-element_type=\"container\" data-e-type=\"container\">\n\t\t\t\t\t<div class=\"e-con-inner\">\n\t\t<div class=\"elementor-element elementor-element-b3de82d e-con-full e-flex e-con e-child\" data-id=\"b3de82d\" data-element_type=\"container\" data-e-type=\"container\">\n\t\t\t\t<div class=\"elementor-element elementor-element-9a98c63 elementor-view-default elementor-widget elementor-widget-icon\" data-id=\"9a98c63\" data-element_type=\"widget\" data-e-type=\"widget\" data-widget_type=\"icon.default\">\n\t\t\t\t<div class=\"elementor-widget-container\">\n\t\t\t\t\t\t\t<div class=\"elementor-icon-wrapper\">\n\t\t\t<div class=\"elementor-icon\">\n\t\t\t<svg xmlns=\"http:\/\/www.w3.org\/2000\/svg\" id=\"Ontwerp\" viewBox=\"0 0 20 20\"><defs><style>      .st0 {        fill: #2d5fff;      }    <\/style><\/defs><path class=\"st0\" d=\"M20,10h-10l-7.1,7.1c3.9,3.9,10.2,3.9,14.1,0h0c2-2,2.9-4.5,2.9-7.1Z\"><\/path><path class=\"st0\" d=\"M2.9,2.9C1,4.9,0,7.4,0,10h10l7.1-7.1C13.2-1,6.8-1,2.9,2.9Z\"><\/path><\/svg>\t\t\t<\/div>\n\t\t<\/div>\n\t\t\t\t\t\t<\/div>\n\t\t\t\t<\/div>\n\t\t\t\t<div class=\"elementor-element elementor-element-02462a4 elementor-widget__width-inherit elementor-widget-tablet__width-inherit elementor-widget elementor-widget-heading\" data-id=\"02462a4\" data-element_type=\"widget\" data-e-type=\"widget\" data-widget_type=\"heading.default\">\n\t\t\t\t<div class=\"elementor-widget-container\">\n\t\t\t\t\t<h2 class=\"elementor-heading-title elementor-size-default\">En resumen<\/h2>\t\t\t\t<\/div>\n\t\t\t\t<\/div>\n\t\t\t\t<div class=\"elementor-element elementor-element-db1b252 elementor-widget__width-initial elementor-widget elementor-widget-text-editor\" data-id=\"db1b252\" data-element_type=\"widget\" data-e-type=\"widget\" data-widget_type=\"text-editor.default\">\n\t\t\t\t<div class=\"elementor-widget-container\">\n\t\t\t\t\t\t\t\t\t<p><span style=\"font-weight: 400;\">Con la funcionalidad de medici\u00f3n puede medir con precisi\u00f3n cualquier elemento dentro del modelo, desde distancias sencillas hasta vol\u00famenes complejos, sin depender de mediciones f\u00edsicas en el lugar.<\/span><\/p>\t\t\t\t\t\t\t\t<\/div>\n\t\t\t\t<\/div>\n\t\t\t\t<\/div>\n\t\t\t\t\t<\/div>\n\t\t\t\t<\/div>\n\t\t\t\t\t<\/div>\n\t\t<\/div>\n\t\t\t\t\t\t<\/div>\n\t\t\t\t<\/div>\n\t\t\t\t<\/div>\n\t\t\t\t\t<\/div>\n\t\t\t\t<\/div>\n\t\t\t\t<\/div>\n\t\t","protected":false},"excerpt":{"rendered":"<p>Portal de DroneMissions Medici\u00f3n Con la funcionalidad de medici\u00f3n de DroneMissions, puede realizar mediciones de alta precisi\u00f3n dentro del modelo 3D. Esta funcionalidad permite determinar distancias, superficies y vol\u00famenes con una precisi\u00f3n de nivel centim\u00e9trico. Gracias a ello, tanto las mediciones sencillas como las complejas pueden llevarse a cabo de forma r\u00e1pida y fiable. M\u00e1s [&hellip;]<\/p>\n","protected":false},"author":2,"featured_media":0,"parent":0,"menu_order":0,"comment_status":"closed","ping_status":"closed","template":"elementor_header_footer","meta":{"footnotes":""},"class_list":["post-4776","page","type-page","status-publish","hentry"],"_links":{"self":[{"href":"https:\/\/dronemissions.eu\/es\/wp-json\/wp\/v2\/pages\/4776","targetHints":{"allow":["GET"]}}],"collection":[{"href":"https:\/\/dronemissions.eu\/es\/wp-json\/wp\/v2\/pages"}],"about":[{"href":"https:\/\/dronemissions.eu\/es\/wp-json\/wp\/v2\/types\/page"}],"author":[{"embeddable":true,"href":"https:\/\/dronemissions.eu\/es\/wp-json\/wp\/v2\/users\/2"}],"replies":[{"embeddable":true,"href":"https:\/\/dronemissions.eu\/es\/wp-json\/wp\/v2\/comments?post=4776"}],"version-history":[{"count":3,"href":"https:\/\/dronemissions.eu\/es\/wp-json\/wp\/v2\/pages\/4776\/revisions"}],"predecessor-version":[{"id":5021,"href":"https:\/\/dronemissions.eu\/es\/wp-json\/wp\/v2\/pages\/4776\/revisions\/5021"}],"wp:attachment":[{"href":"https:\/\/dronemissions.eu\/es\/wp-json\/wp\/v2\/media?parent=4776"}],"curies":[{"name":"wp","href":"https:\/\/api.w.org\/{rel}","templated":true}]}}