{"id":4828,"date":"2026-03-26T09:28:31","date_gmt":"2026-03-26T09:28:31","guid":{"rendered":"https:\/\/dronemissions.eu\/hoehenkarten\/"},"modified":"2026-04-08T07:32:09","modified_gmt":"2026-04-08T07:32:09","slug":"hoehenkarten","status":"publish","type":"page","link":"https:\/\/dronemissions.eu\/de\/hoehenkarten\/","title":{"rendered":"H\u00f6henkarten"},"content":{"rendered":"\t\t<div data-elementor-type=\"wp-page\" data-elementor-id=\"4828\" class=\"elementor elementor-4828 elementor-4810\" data-elementor-post-type=\"page\">\n\t\t\t\t<div class=\"elementor-element elementor-element-e7ba403 e-flex e-con-boxed e-con e-parent\" data-id=\"e7ba403\" data-element_type=\"container\" data-e-type=\"container\" data-settings=\"{&quot;background_background&quot;:&quot;classic&quot;}\">\n\t\t\t\t\t<div class=\"e-con-inner\">\n\t\t<div class=\"elementor-element elementor-element-5af5f58 e-con-full e-flex e-con e-child\" data-id=\"5af5f58\" data-element_type=\"container\" data-e-type=\"container\">\n\t\t<div class=\"elementor-element elementor-element-09a0bf3 e-con-full e-flex e-con e-child\" data-id=\"09a0bf3\" data-element_type=\"container\" data-e-type=\"container\" data-settings=\"{&quot;background_background&quot;:&quot;classic&quot;}\">\n\t\t\t\t<div class=\"elementor-element elementor-element-7a1d5e9 elementor-widget elementor-widget-text-editor\" data-id=\"7a1d5e9\" data-element_type=\"widget\" data-e-type=\"widget\" data-widget_type=\"text-editor.default\">\n\t\t\t\t<div class=\"elementor-widget-container\">\n\t\t\t\t\t\t\t\t\t<p>DroneMissions-Portal<\/p>\t\t\t\t\t\t\t\t<\/div>\n\t\t\t\t<\/div>\n\t\t\t\t<div class=\"elementor-element elementor-element-7371e00 elementor-widget__width-initial elementor-widget-tablet__width-inherit elementor-widget elementor-widget-heading\" data-id=\"7371e00\" data-element_type=\"widget\" data-e-type=\"widget\" data-widget_type=\"heading.default\">\n\t\t\t\t<div class=\"elementor-widget-container\">\n\t\t\t\t\t<h2 class=\"elementor-heading-title elementor-size-default\">H\u00f6henkarten<\/h2>\t\t\t\t<\/div>\n\t\t\t\t<\/div>\n\t\t\t\t<div class=\"elementor-element elementor-element-2ae4016 elementor-widget__width-inherit elementor-widget elementor-widget-text-editor\" data-id=\"2ae4016\" data-element_type=\"widget\" data-e-type=\"widget\" data-widget_type=\"text-editor.default\">\n\t\t\t\t<div class=\"elementor-widget-container\">\n\t\t\t\t\t\t\t\t\t<p><span style=\"font-weight: 400;\">Mit H\u00f6henkarten in DroneMissions k\u00f6nnen Sie H\u00f6henunterschiede innerhalb eines Modells visuell veranschaulichen. Durch eine Farbverteilung wird sofort deutlich, wo sich hohe und niedrige Punkte befinden. Dies macht die Analyse von Gel\u00e4nde, Objekten und Konstruktionen \u00fcbersichtlich und effektiv.  <\/span><\/p>\t\t\t\t\t\t\t\t<\/div>\n\t\t\t\t<\/div>\n\t\t<div class=\"elementor-element elementor-element-498f132 e-con-full e-flex e-con e-child\" data-id=\"498f132\" data-element_type=\"container\" data-e-type=\"container\">\n\t\t\t\t<div class=\"elementor-element elementor-element-699dce9 elementor-align-right elementor-widget elementor-widget-button\" data-id=\"699dce9\" data-element_type=\"widget\" data-e-type=\"widget\" data-widget_type=\"button.default\">\n\t\t\t\t<div class=\"elementor-widget-container\">\n\t\t\t\t\t\t\t\t\t<div class=\"elementor-button-wrapper\">\n\t\t\t\t\t<a class=\"elementor-button elementor-button-link elementor-size-sm\" href=\"#meer\">\n\t\t\t\t\t\t<span class=\"elementor-button-content-wrapper\">\n\t\t\t\t\t\t\t\t\t<span class=\"elementor-button-text\">Weitere Informationen<\/span>\n\t\t\t\t\t<\/span>\n\t\t\t\t\t<\/a>\n\t\t\t\t<\/div>\n\t\t\t\t\t\t\t\t<\/div>\n\t\t\t\t<\/div>\n\t\t\t\t<\/div>\n\t\t\t\t<\/div>\n\t\t<div class=\"elementor-element elementor-element-98d85bc e-con-full e-flex e-con e-child\" data-id=\"98d85bc\" data-element_type=\"container\" data-e-type=\"container\">\n\t\t<div class=\"elementor-element elementor-element-62feef0 e-con-full e-flex e-con e-child\" data-id=\"62feef0\" data-element_type=\"container\" data-e-type=\"container\">\n\t\t<div class=\"elementor-element elementor-element-02a8677 e-con-full e-flex e-con e-child\" data-id=\"02a8677\" data-element_type=\"container\" data-e-type=\"container\" data-settings=\"{&quot;background_background&quot;:&quot;classic&quot;}\">\n\t\t\t\t<\/div>\n\t\t<div class=\"elementor-element elementor-element-e0a8f68 e-con-full elementor-hidden-mobile e-flex e-con e-child\" data-id=\"e0a8f68\" data-element_type=\"container\" data-e-type=\"container\">\n\t\t\t\t<\/div>\n\t\t\t\t<\/div>\n\t\t<div class=\"elementor-element elementor-element-03b1df4 e-con-full e-flex e-con e-child\" data-id=\"03b1df4\" data-element_type=\"container\" data-e-type=\"container\" data-settings=\"{&quot;background_background&quot;:&quot;classic&quot;}\">\n\t\t\t\t<\/div>\n\t\t\t\t<\/div>\n\t\t\t\t<\/div>\n\t\t<div class=\"elementor-element elementor-element-a8e4a61 e-con-full e-flex e-con e-child\" data-id=\"a8e4a61\" data-element_type=\"container\" data-e-type=\"container\" id=\"meer\">\n\t\t\t\t<div class=\"elementor-element elementor-element-82aaeb4 e-n-tabs-mobile elementor-widget elementor-widget-n-tabs\" data-id=\"82aaeb4\" data-element_type=\"widget\" data-e-type=\"widget\" data-widget_type=\"nested-tabs.default\">\n\t\t\t\t<div class=\"elementor-widget-container\">\n\t\t\t\t\t\t\t<div class=\"e-n-tabs\" data-widget-number=\"137014964\" aria-label=\"Tabs. Open items with Enter or Space, close with Escape and navigate using the Arrow keys.\">\n\t\t\t<div class=\"e-n-tabs-heading\" role=\"tablist\">\n\t\t\t\t\t<button id=\"e-n-tab-title-1370149641\" data-tab-title-id=\"e-n-tab-title-1370149641\" class=\"e-n-tab-title\" aria-selected=\"true\" data-tab-index=\"1\" role=\"tab\" tabindex=\"0\" aria-controls=\"e-n-tab-content-1370149641\" style=\"--n-tabs-title-order: 1;\">\n\t\t\t\t\t\t<span class=\"e-n-tab-title-text\">\n\t\t\t\tWie funktioniert es?\t\t\t<\/span>\n\t\t<\/button>\n\t\t\t\t<button id=\"e-n-tab-title-1370149642\" data-tab-title-id=\"e-n-tab-title-1370149642\" class=\"e-n-tab-title\" aria-selected=\"false\" data-tab-index=\"2\" role=\"tab\" tabindex=\"-1\" aria-controls=\"e-n-tab-content-1370149642\" style=\"--n-tabs-title-order: 2;\">\n\t\t\t\t\t\t<span class=\"e-n-tab-title-text\">\n\t\t\t\tWas bedeutet das konkret?\t\t\t<\/span>\n\t\t<\/button>\n\t\t\t\t<button id=\"e-n-tab-title-1370149643\" data-tab-title-id=\"e-n-tab-title-1370149643\" class=\"e-n-tab-title\" aria-selected=\"false\" data-tab-index=\"3\" role=\"tab\" tabindex=\"-1\" aria-controls=\"e-n-tab-content-1370149643\" style=\"--n-tabs-title-order: 3;\">\n\t\t\t\t\t\t<span class=\"e-n-tab-title-text\">\n\t\t\t\tPraxisbeispiele\t\t\t<\/span>\n\t\t<\/button>\n\t\t\t\t<button id=\"e-n-tab-title-1370149644\" data-tab-title-id=\"e-n-tab-title-1370149644\" class=\"e-n-tab-title\" aria-selected=\"false\" data-tab-index=\"4\" role=\"tab\" tabindex=\"-1\" aria-controls=\"e-n-tab-content-1370149644\" style=\"--n-tabs-title-order: 4;\">\n\t\t\t\t\t\t<span class=\"e-n-tab-title-text\">\n\t\t\t\tAnalyse und Darstellung\t\t\t<\/span>\n\t\t<\/button>\n\t\t\t\t<button id=\"e-n-tab-title-1370149645\" data-tab-title-id=\"e-n-tab-title-1370149645\" class=\"e-n-tab-title\" aria-selected=\"false\" data-tab-index=\"5\" role=\"tab\" tabindex=\"-1\" aria-controls=\"e-n-tab-content-1370149645\" style=\"--n-tabs-title-order: 5;\">\n\t\t\t\t\t\t<span class=\"e-n-tab-title-text\">\n\t\t\t\tVorteile\t\t\t<\/span>\n\t\t<\/button>\n\t\t\t\t<button id=\"e-n-tab-title-1370149646\" data-tab-title-id=\"e-n-tab-title-1370149646\" class=\"e-n-tab-title\" aria-selected=\"false\" data-tab-index=\"6\" role=\"tab\" tabindex=\"-1\" aria-controls=\"e-n-tab-content-1370149646\" style=\"--n-tabs-title-order: 6;\">\n\t\t\t\t\t\t<span class=\"e-n-tab-title-text\">\n\t\t\t\tKurz zusammengefasst\t\t\t<\/span>\n\t\t<\/button>\n\t\t\t\t\t<\/div>\n\t\t\t<div class=\"e-n-tabs-content\">\n\t\t\t\t<div id=\"e-n-tab-content-1370149641\" role=\"tabpanel\" aria-labelledby=\"e-n-tab-title-1370149641\" data-tab-index=\"1\" style=\"--n-tabs-title-order: 1;\" class=\"e-active elementor-element elementor-element-ce51aa0 e-con-full e-flex e-con e-child\" data-id=\"ce51aa0\" data-element_type=\"container\" data-e-type=\"container\">\n\t\t<div class=\"elementor-element elementor-element-bffa82d e-flex e-con-boxed e-con e-child\" data-id=\"bffa82d\" data-element_type=\"container\" data-e-type=\"container\">\n\t\t\t\t\t<div class=\"e-con-inner\">\n\t\t\t\t<div class=\"elementor-element elementor-element-b529677 elementor-view-default elementor-widget elementor-widget-icon\" data-id=\"b529677\" data-element_type=\"widget\" data-e-type=\"widget\" data-widget_type=\"icon.default\">\n\t\t\t\t<div class=\"elementor-widget-container\">\n\t\t\t\t\t\t\t<div class=\"elementor-icon-wrapper\">\n\t\t\t<div class=\"elementor-icon\">\n\t\t\t<svg xmlns=\"http:\/\/www.w3.org\/2000\/svg\" id=\"Ontwerp\" viewBox=\"0 0 20 20\"><defs><style>      .st0 {        fill: #2d5fff;      }    <\/style><\/defs><path class=\"st0\" d=\"M20,10h-10l-7.1,7.1c3.9,3.9,10.2,3.9,14.1,0h0c2-2,2.9-4.5,2.9-7.1Z\"><\/path><path class=\"st0\" d=\"M2.9,2.9C1,4.9,0,7.4,0,10h10l7.1-7.1C13.2-1,6.8-1,2.9,2.9Z\"><\/path><\/svg>\t\t\t<\/div>\n\t\t<\/div>\n\t\t\t\t\t\t<\/div>\n\t\t\t\t<\/div>\n\t\t\t\t<div class=\"elementor-element elementor-element-db8b366 elementor-widget__width-inherit elementor-widget-tablet__width-inherit elementor-widget elementor-widget-heading\" data-id=\"db8b366\" data-element_type=\"widget\" data-e-type=\"widget\" data-widget_type=\"heading.default\">\n\t\t\t\t<div class=\"elementor-widget-container\">\n\t\t\t\t\t<h2 class=\"elementor-heading-title elementor-size-default\">Wie funktioniert es?<\/h2>\t\t\t\t<\/div>\n\t\t\t\t<\/div>\n\t\t\t\t<div class=\"elementor-element elementor-element-ddff9ab elementor-widget__width-initial elementor-widget elementor-widget-text-editor\" data-id=\"ddff9ab\" data-element_type=\"widget\" data-e-type=\"widget\" data-widget_type=\"text-editor.default\">\n\t\t\t\t<div class=\"elementor-widget-container\">\n\t\t\t\t\t\t\t\t\t<ol><li style=\"font-weight: 400;\" aria-level=\"1\"><span style=\"font-weight: 400;\">Aktivieren Sie die H\u00f6henkarte im Men\u00fc <\/span><\/li><li style=\"font-weight: 400;\" aria-level=\"1\"><span style=\"font-weight: 400;\">W\u00e4hlen Sie das gew\u00fcnschte Farbschema <\/span><\/li><li style=\"font-weight: 400;\" aria-level=\"1\"><span style=\"font-weight: 400;\">Stellen Sie die Ober- und Untergrenze (Top- und Bodenschicht) ein <\/span><\/li><li style=\"font-weight: 400;\" aria-level=\"1\"><span style=\"font-weight: 400;\">Betrachten Sie das Modell mit der angewendeten H\u00f6henvisualisierung <\/span><\/li><li style=\"font-weight: 400;\" aria-level=\"1\"><span style=\"font-weight: 400;\">Bewegen Sie den Cursor \u00fcber das Modell, um exakte H\u00f6hen anzuzeigen <\/span><\/li><\/ol>\t\t\t\t\t\t\t\t<\/div>\n\t\t\t\t<\/div>\n\t\t\t\t\t<\/div>\n\t\t\t\t<\/div>\n\t\t\t\t<\/div>\n\t\t<div id=\"e-n-tab-content-1370149642\" role=\"tabpanel\" aria-labelledby=\"e-n-tab-title-1370149642\" data-tab-index=\"2\" style=\"--n-tabs-title-order: 2;\" class=\" elementor-element elementor-element-921d546 e-con-full e-flex e-con e-child\" data-id=\"921d546\" data-element_type=\"container\" data-e-type=\"container\">\n\t\t<div class=\"elementor-element elementor-element-55ce4f4 e-flex e-con-boxed e-con e-child\" data-id=\"55ce4f4\" data-element_type=\"container\" data-e-type=\"container\">\n\t\t\t\t\t<div class=\"e-con-inner\">\n\t\t\t\t<div class=\"elementor-element elementor-element-654dea5 elementor-view-default elementor-widget elementor-widget-icon\" data-id=\"654dea5\" data-element_type=\"widget\" data-e-type=\"widget\" data-widget_type=\"icon.default\">\n\t\t\t\t<div class=\"elementor-widget-container\">\n\t\t\t\t\t\t\t<div class=\"elementor-icon-wrapper\">\n\t\t\t<div class=\"elementor-icon\">\n\t\t\t<svg xmlns=\"http:\/\/www.w3.org\/2000\/svg\" id=\"Ontwerp\" viewBox=\"0 0 20 20\"><defs><style>      .st0 {        fill: #2d5fff;      }    <\/style><\/defs><path class=\"st0\" d=\"M20,10h-10l-7.1,7.1c3.9,3.9,10.2,3.9,14.1,0h0c2-2,2.9-4.5,2.9-7.1Z\"><\/path><path class=\"st0\" d=\"M2.9,2.9C1,4.9,0,7.4,0,10h10l7.1-7.1C13.2-1,6.8-1,2.9,2.9Z\"><\/path><\/svg>\t\t\t<\/div>\n\t\t<\/div>\n\t\t\t\t\t\t<\/div>\n\t\t\t\t<\/div>\n\t\t\t\t<div class=\"elementor-element elementor-element-36603d4 elementor-widget__width-inherit elementor-widget-tablet__width-inherit elementor-widget elementor-widget-heading\" data-id=\"36603d4\" data-element_type=\"widget\" data-e-type=\"widget\" data-widget_type=\"heading.default\">\n\t\t\t\t<div class=\"elementor-widget-container\">\n\t\t\t\t\t<h2 class=\"elementor-heading-title elementor-size-default\">Was bedeutet das konkret<\/h2>\t\t\t\t<\/div>\n\t\t\t\t<\/div>\n\t\t\t\t<div class=\"elementor-element elementor-element-9ee9d59 elementor-widget__width-initial elementor-widget elementor-widget-text-editor\" data-id=\"9ee9d59\" data-element_type=\"widget\" data-e-type=\"widget\" data-widget_type=\"text-editor.default\">\n\t\t\t\t<div class=\"elementor-widget-container\">\n\t\t\t\t\t\t\t\t\t<ul><li style=\"font-weight: 400;\" aria-level=\"1\"><span style=\"font-weight: 400;\">H\u00f6henunterschiede werden durch Farbunterschiede sofort sichtbar <\/span><\/li><li style=\"font-weight: 400;\" aria-level=\"1\"><span style=\"font-weight: 400;\">Sie k\u00f6nnen selbst bestimmen, wie der H\u00f6henbereich dargestellt wird <\/span><\/li><li style=\"font-weight: 400;\" aria-level=\"1\"><span style=\"font-weight: 400;\">Identische H\u00f6hen sind leicht zu erkennen <\/span><\/li><\/ul>\t\t\t\t\t\t\t\t<\/div>\n\t\t\t\t<\/div>\n\t\t\t\t\t<\/div>\n\t\t\t\t<\/div>\n\t\t\t\t<\/div>\n\t\t<div id=\"e-n-tab-content-1370149643\" role=\"tabpanel\" aria-labelledby=\"e-n-tab-title-1370149643\" data-tab-index=\"3\" style=\"--n-tabs-title-order: 3;\" class=\" elementor-element elementor-element-6a51a1f e-con-full e-flex e-con e-child\" data-id=\"6a51a1f\" data-element_type=\"container\" data-e-type=\"container\">\n\t\t<div class=\"elementor-element elementor-element-a39f569 e-flex e-con-boxed e-con e-child\" data-id=\"a39f569\" data-element_type=\"container\" data-e-type=\"container\">\n\t\t\t\t\t<div class=\"e-con-inner\">\n\t\t\t\t<div class=\"elementor-element elementor-element-d652d03 elementor-view-default elementor-widget elementor-widget-icon\" data-id=\"d652d03\" data-element_type=\"widget\" data-e-type=\"widget\" data-widget_type=\"icon.default\">\n\t\t\t\t<div class=\"elementor-widget-container\">\n\t\t\t\t\t\t\t<div class=\"elementor-icon-wrapper\">\n\t\t\t<div class=\"elementor-icon\">\n\t\t\t<svg xmlns=\"http:\/\/www.w3.org\/2000\/svg\" id=\"Ontwerp\" viewBox=\"0 0 20 20\"><defs><style>      .st0 {        fill: #2d5fff;      }    <\/style><\/defs><path class=\"st0\" d=\"M20,10h-10l-7.1,7.1c3.9,3.9,10.2,3.9,14.1,0h0c2-2,2.9-4.5,2.9-7.1Z\"><\/path><path class=\"st0\" d=\"M2.9,2.9C1,4.9,0,7.4,0,10h10l7.1-7.1C13.2-1,6.8-1,2.9,2.9Z\"><\/path><\/svg>\t\t\t<\/div>\n\t\t<\/div>\n\t\t\t\t\t\t<\/div>\n\t\t\t\t<\/div>\n\t\t\t\t<div class=\"elementor-element elementor-element-bd1b2a9 elementor-widget__width-inherit elementor-widget-tablet__width-inherit elementor-widget elementor-widget-heading\" data-id=\"bd1b2a9\" data-element_type=\"widget\" data-e-type=\"widget\" data-widget_type=\"heading.default\">\n\t\t\t\t<div class=\"elementor-widget-container\">\n\t\t\t\t\t<h2 class=\"elementor-heading-title elementor-size-default\">Praxisbeispiele<\/h2>\t\t\t\t<\/div>\n\t\t\t\t<\/div>\n\t\t\t\t<div class=\"elementor-element elementor-element-2ece5e8 elementor-widget__width-initial elementor-widget elementor-widget-text-editor\" data-id=\"2ece5e8\" data-element_type=\"widget\" data-e-type=\"widget\" data-widget_type=\"text-editor.default\">\n\t\t\t\t<div class=\"elementor-widget-container\">\n\t\t\t\t\t\t\t\t\t<p><span style=\"font-weight: 400;\">Mit einer H\u00f6henkarte k\u00f6nnen Sie beispielsweise sehen, wie Wasser \u00fcber eine Oberfl\u00e4che abflie\u00dft, wo Setzungen entstanden sind oder wie ein Gel\u00e4nde f\u00fcr eine Pflasterung vorbereitet werden kann.<\/span><\/p>\t\t\t\t\t\t\t\t<\/div>\n\t\t\t\t<\/div>\n\t\t\t\t\t<\/div>\n\t\t\t\t<\/div>\n\t\t\t\t<\/div>\n\t\t<div id=\"e-n-tab-content-1370149644\" role=\"tabpanel\" aria-labelledby=\"e-n-tab-title-1370149644\" data-tab-index=\"4\" style=\"--n-tabs-title-order: 4;\" class=\" elementor-element elementor-element-e0d388c e-con-full e-flex e-con e-child\" data-id=\"e0d388c\" data-element_type=\"container\" data-e-type=\"container\">\n\t\t<div class=\"elementor-element elementor-element-258261b e-flex e-con-boxed e-con e-child\" data-id=\"258261b\" data-element_type=\"container\" data-e-type=\"container\">\n\t\t\t\t\t<div class=\"e-con-inner\">\n\t\t\t\t<div class=\"elementor-element elementor-element-70e4d49 elementor-view-default elementor-widget elementor-widget-icon\" data-id=\"70e4d49\" data-element_type=\"widget\" data-e-type=\"widget\" data-widget_type=\"icon.default\">\n\t\t\t\t<div class=\"elementor-widget-container\">\n\t\t\t\t\t\t\t<div class=\"elementor-icon-wrapper\">\n\t\t\t<div class=\"elementor-icon\">\n\t\t\t<svg xmlns=\"http:\/\/www.w3.org\/2000\/svg\" id=\"Ontwerp\" viewBox=\"0 0 20 20\"><defs><style>      .st0 {        fill: #2d5fff;      }    <\/style><\/defs><path class=\"st0\" d=\"M20,10h-10l-7.1,7.1c3.9,3.9,10.2,3.9,14.1,0h0c2-2,2.9-4.5,2.9-7.1Z\"><\/path><path class=\"st0\" d=\"M2.9,2.9C1,4.9,0,7.4,0,10h10l7.1-7.1C13.2-1,6.8-1,2.9,2.9Z\"><\/path><\/svg>\t\t\t<\/div>\n\t\t<\/div>\n\t\t\t\t\t\t<\/div>\n\t\t\t\t<\/div>\n\t\t\t\t<div class=\"elementor-element elementor-element-952e297 elementor-widget__width-inherit elementor-widget-tablet__width-inherit elementor-widget elementor-widget-heading\" data-id=\"952e297\" data-element_type=\"widget\" data-e-type=\"widget\" data-widget_type=\"heading.default\">\n\t\t\t\t<div class=\"elementor-widget-container\">\n\t\t\t\t\t<h2 class=\"elementor-heading-title elementor-size-default\">Analyse und Darstellung<\/h2>\t\t\t\t<\/div>\n\t\t\t\t<\/div>\n\t\t\t\t<div class=\"elementor-element elementor-element-23e2b1f elementor-widget__width-initial elementor-widget elementor-widget-text-editor\" data-id=\"23e2b1f\" data-element_type=\"widget\" data-e-type=\"widget\" data-widget_type=\"text-editor.default\">\n\t\t\t\t<div class=\"elementor-widget-container\">\n\t\t\t\t\t\t\t\t\t<ul><li style=\"font-weight: 400;\" aria-level=\"1\"><span style=\"font-weight: 400;\">Der Cursor zeigt an jeder Position die exakte H\u00f6he an <\/span><\/li><li style=\"font-weight: 400;\" aria-level=\"1\"><span style=\"font-weight: 400;\">Gleiche H\u00f6hen werden visuell gruppiert <\/span><\/li><li style=\"font-weight: 400;\" aria-level=\"1\"><span style=\"font-weight: 400;\">H\u00f6henunterschiede sind sofort und deutlich sichtbar <\/span><\/li><\/ul>\t\t\t\t\t\t\t\t<\/div>\n\t\t\t\t<\/div>\n\t\t\t\t\t<\/div>\n\t\t\t\t<\/div>\n\t\t\t\t<\/div>\n\t\t<div id=\"e-n-tab-content-1370149645\" role=\"tabpanel\" aria-labelledby=\"e-n-tab-title-1370149645\" data-tab-index=\"5\" style=\"--n-tabs-title-order: 5;\" class=\" elementor-element elementor-element-e5d3285 e-flex e-con-boxed e-con e-child\" data-id=\"e5d3285\" data-element_type=\"container\" data-e-type=\"container\">\n\t\t\t\t\t<div class=\"e-con-inner\">\n\t\t<div class=\"elementor-element elementor-element-73a4637 e-con-full e-flex e-con e-child\" data-id=\"73a4637\" data-element_type=\"container\" data-e-type=\"container\">\n\t\t\t\t<div class=\"elementor-element elementor-element-e80720a elementor-view-default elementor-widget elementor-widget-icon\" data-id=\"e80720a\" data-element_type=\"widget\" data-e-type=\"widget\" data-widget_type=\"icon.default\">\n\t\t\t\t<div class=\"elementor-widget-container\">\n\t\t\t\t\t\t\t<div class=\"elementor-icon-wrapper\">\n\t\t\t<div class=\"elementor-icon\">\n\t\t\t<svg xmlns=\"http:\/\/www.w3.org\/2000\/svg\" id=\"Ontwerp\" viewBox=\"0 0 20 20\"><defs><style>      .st0 {        fill: #2d5fff;      }    <\/style><\/defs><path class=\"st0\" d=\"M20,10h-10l-7.1,7.1c3.9,3.9,10.2,3.9,14.1,0h0c2-2,2.9-4.5,2.9-7.1Z\"><\/path><path class=\"st0\" d=\"M2.9,2.9C1,4.9,0,7.4,0,10h10l7.1-7.1C13.2-1,6.8-1,2.9,2.9Z\"><\/path><\/svg>\t\t\t<\/div>\n\t\t<\/div>\n\t\t\t\t\t\t<\/div>\n\t\t\t\t<\/div>\n\t\t\t\t<div class=\"elementor-element elementor-element-e79d06b elementor-widget__width-inherit elementor-widget-tablet__width-inherit elementor-widget elementor-widget-heading\" data-id=\"e79d06b\" data-element_type=\"widget\" data-e-type=\"widget\" data-widget_type=\"heading.default\">\n\t\t\t\t<div class=\"elementor-widget-container\">\n\t\t\t\t\t<h2 class=\"elementor-heading-title elementor-size-default\">Vorteile<\/h2>\t\t\t\t<\/div>\n\t\t\t\t<\/div>\n\t\t\t\t<div class=\"elementor-element elementor-element-9936854 elementor-widget__width-initial elementor-widget elementor-widget-text-editor\" data-id=\"9936854\" data-element_type=\"widget\" data-e-type=\"widget\" data-widget_type=\"text-editor.default\">\n\t\t\t\t<div class=\"elementor-widget-container\">\n\t\t\t\t\t\t\t\t\t<ul><li style=\"font-weight: 400;\" aria-level=\"1\"><span style=\"font-weight: 400;\">Schneller Einblick in H\u00f6henunterschiede und Verl\u00e4ufe <\/span><\/li><li style=\"font-weight: 400;\" aria-level=\"1\"><span style=\"font-weight: 400;\">Unterst\u00fctzung bei der Analyse von Entw\u00e4sserung und Setzungen <\/span><\/li><li style=\"font-weight: 400;\" aria-level=\"1\"><span style=\"font-weight: 400;\">Visuell aussagekr\u00e4ftige Darstellung f\u00fcr Berichte und Entscheidungsfindungen <\/span><\/li><\/ul>\t\t\t\t\t\t\t\t<\/div>\n\t\t\t\t<\/div>\n\t\t\t\t<\/div>\n\t\t\t\t\t<\/div>\n\t\t\t\t<\/div>\n\t\t<div id=\"e-n-tab-content-1370149646\" role=\"tabpanel\" aria-labelledby=\"e-n-tab-title-1370149646\" data-tab-index=\"6\" style=\"--n-tabs-title-order: 6;\" class=\" elementor-element elementor-element-e38dcfa e-flex e-con-boxed e-con e-child\" data-id=\"e38dcfa\" data-element_type=\"container\" data-e-type=\"container\">\n\t\t\t\t\t<div class=\"e-con-inner\">\n\t\t<div class=\"elementor-element elementor-element-f1cad0c e-con-full e-flex e-con e-child\" data-id=\"f1cad0c\" data-element_type=\"container\" data-e-type=\"container\">\n\t\t\t\t<div class=\"elementor-element elementor-element-256441c elementor-view-default elementor-widget elementor-widget-icon\" data-id=\"256441c\" data-element_type=\"widget\" data-e-type=\"widget\" data-widget_type=\"icon.default\">\n\t\t\t\t<div class=\"elementor-widget-container\">\n\t\t\t\t\t\t\t<div class=\"elementor-icon-wrapper\">\n\t\t\t<div class=\"elementor-icon\">\n\t\t\t<svg xmlns=\"http:\/\/www.w3.org\/2000\/svg\" id=\"Ontwerp\" viewBox=\"0 0 20 20\"><defs><style>      .st0 {        fill: #2d5fff;      }    <\/style><\/defs><path class=\"st0\" d=\"M20,10h-10l-7.1,7.1c3.9,3.9,10.2,3.9,14.1,0h0c2-2,2.9-4.5,2.9-7.1Z\"><\/path><path class=\"st0\" d=\"M2.9,2.9C1,4.9,0,7.4,0,10h10l7.1-7.1C13.2-1,6.8-1,2.9,2.9Z\"><\/path><\/svg>\t\t\t<\/div>\n\t\t<\/div>\n\t\t\t\t\t\t<\/div>\n\t\t\t\t<\/div>\n\t\t\t\t<div class=\"elementor-element elementor-element-e5032ca elementor-widget__width-inherit elementor-widget-tablet__width-inherit elementor-widget elementor-widget-heading\" data-id=\"e5032ca\" data-element_type=\"widget\" data-e-type=\"widget\" data-widget_type=\"heading.default\">\n\t\t\t\t<div class=\"elementor-widget-container\">\n\t\t\t\t\t<h2 class=\"elementor-heading-title elementor-size-default\">Kurz zusammengefasst<\/h2>\t\t\t\t<\/div>\n\t\t\t\t<\/div>\n\t\t\t\t<div class=\"elementor-element elementor-element-5464c76 elementor-widget__width-initial elementor-widget elementor-widget-text-editor\" data-id=\"5464c76\" data-element_type=\"widget\" data-e-type=\"widget\" data-widget_type=\"text-editor.default\">\n\t\t\t\t<div class=\"elementor-widget-container\">\n\t\t\t\t\t\t\t\t\t<p><span style=\"font-weight: 400;\">Mit H\u00f6henkarten machen Sie H\u00f6henunterschiede innerhalb des Modells visuell verst\u00e4ndlich, sodass Sie schnell und einfach Analysen von Gel\u00e4nde und Konstruktionen durchf\u00fchren k\u00f6nnen.<\/span><\/p>\t\t\t\t\t\t\t\t<\/div>\n\t\t\t\t<\/div>\n\t\t\t\t<\/div>\n\t\t\t\t\t<\/div>\n\t\t\t\t<\/div>\n\t\t\t\t\t<\/div>\n\t\t<\/div>\n\t\t\t\t\t\t<\/div>\n\t\t\t\t<\/div>\n\t\t\t\t<\/div>\n\t\t\t\t\t<\/div>\n\t\t\t\t<\/div>\n\t\t\t\t<\/div>\n\t\t","protected":false},"excerpt":{"rendered":"<p>DroneMissions-Portal H\u00f6henkarten Mit H\u00f6henkarten in DroneMissions k\u00f6nnen Sie H\u00f6henunterschiede innerhalb eines Modells visuell veranschaulichen. Durch eine Farbverteilung wird sofort deutlich, wo sich hohe und niedrige Punkte befinden. Dies macht die Analyse von Gel\u00e4nde, Objekten und Konstruktionen \u00fcbersichtlich und effektiv. Weitere Informationen Wie funktioniert es? Was bedeutet das konkret? Praxisbeispiele Analyse und Darstellung Vorteile Kurz zusammengefasst [&hellip;]<\/p>\n","protected":false},"author":2,"featured_media":0,"parent":0,"menu_order":0,"comment_status":"closed","ping_status":"closed","template":"elementor_header_footer","meta":{"footnotes":""},"class_list":["post-4828","page","type-page","status-publish","hentry"],"_links":{"self":[{"href":"https:\/\/dronemissions.eu\/de\/wp-json\/wp\/v2\/pages\/4828","targetHints":{"allow":["GET"]}}],"collection":[{"href":"https:\/\/dronemissions.eu\/de\/wp-json\/wp\/v2\/pages"}],"about":[{"href":"https:\/\/dronemissions.eu\/de\/wp-json\/wp\/v2\/types\/page"}],"author":[{"embeddable":true,"href":"https:\/\/dronemissions.eu\/de\/wp-json\/wp\/v2\/users\/2"}],"replies":[{"embeddable":true,"href":"https:\/\/dronemissions.eu\/de\/wp-json\/wp\/v2\/comments?post=4828"}],"version-history":[{"count":2,"href":"https:\/\/dronemissions.eu\/de\/wp-json\/wp\/v2\/pages\/4828\/revisions"}],"predecessor-version":[{"id":5017,"href":"https:\/\/dronemissions.eu\/de\/wp-json\/wp\/v2\/pages\/4828\/revisions\/5017"}],"wp:attachment":[{"href":"https:\/\/dronemissions.eu\/de\/wp-json\/wp\/v2\/media?parent=4828"}],"curies":[{"name":"wp","href":"https:\/\/api.w.org\/{rel}","templated":true}]}}