{"id":4083,"date":"2026-01-29T10:52:45","date_gmt":"2026-01-29T10:52:45","guid":{"rendered":"https:\/\/dronemissions.eu\/plattformnutzer\/"},"modified":"2026-03-26T08:42:18","modified_gmt":"2026-03-26T08:42:18","slug":"plattformnutzer","status":"publish","type":"page","link":"https:\/\/dronemissions.eu\/de\/plattformnutzer\/","title":{"rendered":"F\u00fcr wen"},"content":{"rendered":"\t\t<div data-elementor-type=\"wp-page\" data-elementor-id=\"4083\" class=\"elementor elementor-4083 elementor-2707\" data-elementor-post-type=\"page\">\n\t\t\t\t<div class=\"elementor-element elementor-element-b412b3c e-flex e-con-boxed e-con e-parent\" data-id=\"b412b3c\" data-element_type=\"container\" data-e-type=\"container\" data-settings=\"{&quot;background_background&quot;:&quot;classic&quot;}\">\n\t\t\t\t\t<div class=\"e-con-inner\">\n\t\t<div class=\"elementor-element elementor-element-c61e899 e-con-full e-flex e-con e-child\" data-id=\"c61e899\" data-element_type=\"container\" data-e-type=\"container\">\n\t\t<div class=\"elementor-element elementor-element-28889b3 e-con-full e-flex e-con e-child\" data-id=\"28889b3\" data-element_type=\"container\" data-e-type=\"container\" data-settings=\"{&quot;background_background&quot;:&quot;classic&quot;}\">\n\t\t\t\t<div class=\"elementor-element elementor-element-206adfc elementor-widget elementor-widget-text-editor\" data-id=\"206adfc\" data-element_type=\"widget\" data-e-type=\"widget\" data-widget_type=\"text-editor.default\">\n\t\t\t\t<div class=\"elementor-widget-container\">\n\t\t\t\t\t\t\t\t\t<p>F\u00fcr wen<\/p>\t\t\t\t\t\t\t\t<\/div>\n\t\t\t\t<\/div>\n\t\t\t\t<div class=\"elementor-element elementor-element-1e6cc9b elementor-widget__width-initial elementor-widget-tablet__width-inherit elementor-widget elementor-widget-heading\" data-id=\"1e6cc9b\" data-element_type=\"widget\" data-e-type=\"widget\" data-widget_type=\"heading.default\">\n\t\t\t\t<div class=\"elementor-widget-container\">\n\t\t\t\t\t<h2 class=\"elementor-heading-title elementor-size-default\">Immobilien kartieren<\/h2>\t\t\t\t<\/div>\n\t\t\t\t<\/div>\n\t\t\t\t<div class=\"elementor-element elementor-element-57ed537 elementor-widget__width-inherit elementor-widget elementor-widget-text-editor\" data-id=\"57ed537\" data-element_type=\"widget\" data-e-type=\"widget\" data-widget_type=\"text-editor.default\">\n\t\t\t\t<div class=\"elementor-widget-container\">\n\t\t\t\t\t\t\t\t\t<p>Wir bieten Ihnen einen objektiven Einblick in den Fortschritt und Zustand von Geb\u00e4uden und<br>Bauprojekten. Ein zentraler Datensatz erfasst jede Phase, von Messungen bis hin zu<br>Bildern. So k\u00f6nnen Sie Entscheidungen schneller und fundierter treffen.<br>Zudem bleiben die Daten f\u00fcr immer in unserer Datenbank verf\u00fcgbar. Sie k\u00f6nnen<br>jederzeit die komplette Historie des Projekts einsehen. Auf diese Weise arbeiten Sie<br>effizienter, vermeiden \u00dcberraschungen und halten Projekte pr\u00e4zise auf Kurs.    <\/p>\t\t\t\t\t\t\t\t<\/div>\n\t\t\t\t<\/div>\n\t\t<div class=\"elementor-element elementor-element-cc5e014 e-con-full e-flex e-con e-child\" data-id=\"cc5e014\" data-element_type=\"container\" data-e-type=\"container\">\n\t\t\t\t<div class=\"elementor-element elementor-element-f26277a elementor-align-right elementor-widget elementor-widget-button\" data-id=\"f26277a\" data-element_type=\"widget\" data-e-type=\"widget\" data-widget_type=\"button.default\">\n\t\t\t\t<div class=\"elementor-widget-container\">\n\t\t\t\t\t\t\t\t\t<div class=\"elementor-button-wrapper\">\n\t\t\t\t\t<a class=\"elementor-button elementor-button-link elementor-size-sm\" href=\"#meer\">\n\t\t\t\t\t\t<span class=\"elementor-button-content-wrapper\">\n\t\t\t\t\t\t\t\t\t<span class=\"elementor-button-text\">Weitere Informationen<\/span>\n\t\t\t\t\t<\/span>\n\t\t\t\t\t<\/a>\n\t\t\t\t<\/div>\n\t\t\t\t\t\t\t\t<\/div>\n\t\t\t\t<\/div>\n\t\t\t\t<div class=\"elementor-element elementor-element-84dd76c elementor-align-right elementor-widget elementor-widget-button\" data-id=\"84dd76c\" data-element_type=\"widget\" data-e-type=\"widget\" data-widget_type=\"button.default\">\n\t\t\t\t<div class=\"elementor-widget-container\">\n\t\t\t\t\t\t\t\t\t<div class=\"elementor-button-wrapper\">\n\t\t\t\t\t<a class=\"elementor-button elementor-button-link elementor-size-sm\" href=\"https:\/\/dronemissions.eu\/de\/demo-anfordern\/\">\n\t\t\t\t\t\t<span class=\"elementor-button-content-wrapper\">\n\t\t\t\t\t\t\t\t\t<span class=\"elementor-button-text\">Demo anfordern<\/span>\n\t\t\t\t\t<\/span>\n\t\t\t\t\t<\/a>\n\t\t\t\t<\/div>\n\t\t\t\t\t\t\t\t<\/div>\n\t\t\t\t<\/div>\n\t\t\t\t<\/div>\n\t\t\t\t<\/div>\n\t\t<div class=\"elementor-element elementor-element-21c41db e-con-full e-flex e-con e-child\" data-id=\"21c41db\" data-element_type=\"container\" data-e-type=\"container\">\n\t\t<div class=\"elementor-element elementor-element-dc86653 e-con-full elementor-hidden-mobile e-flex e-con e-child\" data-id=\"dc86653\" data-element_type=\"container\" data-e-type=\"container\">\n\t\t<div class=\"elementor-element elementor-element-c9bf4ec e-con-full e-flex e-con e-child\" data-id=\"c9bf4ec\" data-element_type=\"container\" data-e-type=\"container\" data-settings=\"{&quot;background_background&quot;:&quot;classic&quot;}\">\n\t\t\t\t<\/div>\n\t\t<div class=\"elementor-element elementor-element-8fabdc3 e-con-full e-flex e-con e-child\" data-id=\"8fabdc3\" data-element_type=\"container\" data-e-type=\"container\">\n\t\t\t\t<\/div>\n\t\t\t\t<\/div>\n\t\t<div class=\"elementor-element elementor-element-1b10372 e-con-full e-flex e-con e-child\" data-id=\"1b10372\" data-element_type=\"container\" data-e-type=\"container\" data-settings=\"{&quot;background_background&quot;:&quot;classic&quot;}\">\n\t\t\t\t<\/div>\n\t\t\t\t<\/div>\n\t\t\t\t<\/div>\n\t\t\t\t\t<\/div>\n\t\t\t\t<\/div>\n\t\t<div class=\"elementor-element elementor-element-fd07b54 e-flex e-con-boxed e-con e-parent\" data-id=\"fd07b54\" data-element_type=\"container\" data-e-type=\"container\" id=\"meer\" data-settings=\"{&quot;background_background&quot;:&quot;classic&quot;}\">\n\t\t\t\t\t<div class=\"e-con-inner\">\n\t\t<div class=\"elementor-element elementor-element-38c8b69 e-con-full e-flex e-con e-child\" data-id=\"38c8b69\" data-element_type=\"container\" data-e-type=\"container\">\n\t\t<div class=\"elementor-element elementor-element-b5fd191 e-con-full e-flex e-con e-child\" data-id=\"b5fd191\" data-element_type=\"container\" data-e-type=\"container\">\n\t\t\t\t<div class=\"elementor-element elementor-element-0607f92 elementor-widget elementor-widget-text-editor\" data-id=\"0607f92\" data-element_type=\"widget\" data-e-type=\"widget\" data-widget_type=\"text-editor.default\">\n\t\t\t\t<div class=\"elementor-widget-container\">\n\t\t\t\t\t\t\t\t\t<p>Benutzer<\/p>\t\t\t\t\t\t\t\t<\/div>\n\t\t\t\t<\/div>\n\t\t\t\t<div class=\"elementor-element elementor-element-fcfc6a9 elementor-widget__width-initial elementor-widget elementor-widget-heading\" data-id=\"fcfc6a9\" data-element_type=\"widget\" data-e-type=\"widget\" data-widget_type=\"heading.default\">\n\t\t\t\t<div class=\"elementor-widget-container\">\n\t\t\t\t\t<h2 class=\"elementor-heading-title elementor-size-default\">Gemeinsam gestalten wir die Zukunft<\/h2>\t\t\t\t<\/div>\n\t\t\t\t<\/div>\n\t\t<div class=\"elementor-element elementor-element-caa032d e-con-full e-flex e-con e-child\" data-id=\"caa032d\" data-element_type=\"container\" data-e-type=\"container\">\n\t\t\t\t<div class=\"elementor-element elementor-element-05bc1d9 elementor-align-right elementor-widget elementor-widget-button\" data-id=\"05bc1d9\" data-element_type=\"widget\" data-e-type=\"widget\" data-widget_type=\"button.default\">\n\t\t\t\t<div class=\"elementor-widget-container\">\n\t\t\t\t\t\t\t\t\t<div class=\"elementor-button-wrapper\">\n\t\t\t\t\t<a class=\"elementor-button elementor-button-link elementor-size-sm\" href=\"https:\/\/dronemissions.eu\/de\/plattform-nutzer\/\">\n\t\t\t\t\t\t<span class=\"elementor-button-content-wrapper\">\n\t\t\t\t\t\t\t\t\t<span class=\"elementor-button-text\">Benutzer werden<\/span>\n\t\t\t\t\t<\/span>\n\t\t\t\t\t<\/a>\n\t\t\t\t<\/div>\n\t\t\t\t\t\t\t\t<\/div>\n\t\t\t\t<\/div>\n\t\t\t\t<div class=\"elementor-element elementor-element-f70c90a elementor-align-right elementor-widget elementor-widget-button\" data-id=\"f70c90a\" data-element_type=\"widget\" data-e-type=\"widget\" data-widget_type=\"button.default\">\n\t\t\t\t<div class=\"elementor-widget-container\">\n\t\t\t\t\t\t\t\t\t<div class=\"elementor-button-wrapper\">\n\t\t\t\t\t<a class=\"elementor-button elementor-button-link elementor-size-sm\" href=\"https:\/\/dronemissions.eu\/de\/drohnenpilot\/\">\n\t\t\t\t\t\t<span class=\"elementor-button-content-wrapper\">\n\t\t\t\t\t\t\t\t\t<span class=\"elementor-button-text\">Drohnenbetreiber<\/span>\n\t\t\t\t\t<\/span>\n\t\t\t\t\t<\/a>\n\t\t\t\t<\/div>\n\t\t\t\t\t\t\t\t<\/div>\n\t\t\t\t<\/div>\n\t\t\t\t<\/div>\n\t\t\t\t<\/div>\n\t\t<div class=\"elementor-element elementor-element-ef35ddc e-con-full e-flex e-con e-child\" data-id=\"ef35ddc\" data-element_type=\"container\" data-e-type=\"container\" data-settings=\"{&quot;background_background&quot;:&quot;classic&quot;}\">\n\t\t<div class=\"elementor-element elementor-element-ec807c8 e-con-full e-flex e-con e-child\" data-id=\"ec807c8\" data-element_type=\"container\" data-e-type=\"container\" data-settings=\"{&quot;background_background&quot;:&quot;classic&quot;}\">\n\t\t\t\t<\/div>\n\t\t<div class=\"elementor-element elementor-element-f7c6391 e-con-full e-flex e-con e-child\" data-id=\"f7c6391\" data-element_type=\"container\" data-e-type=\"container\">\n\t\t\t\t<div class=\"elementor-element elementor-element-9da31fb elementor-widget elementor-widget-text-editor\" data-id=\"9da31fb\" data-element_type=\"widget\" data-e-type=\"widget\" data-widget_type=\"text-editor.default\">\n\t\t\t\t<div class=\"elementor-widget-container\">\n\t\t\t\t\t\t\t\t\t<p>Bauunternehmer <\/p>\t\t\t\t\t\t\t\t<\/div>\n\t\t\t\t<\/div>\n\t\t\t\t<div class=\"elementor-element elementor-element-15034ac elementor-widget__width-inherit elementor-widget elementor-widget-heading\" data-id=\"15034ac\" data-element_type=\"widget\" data-e-type=\"widget\" data-widget_type=\"heading.default\">\n\t\t\t\t<div class=\"elementor-widget-container\">\n\t\t\t\t\t<h2 class=\"elementor-heading-title elementor-size-default\">Objektive \u00dcberwachung des\ngesamten Bauprozesses<\/h2>\t\t\t\t<\/div>\n\t\t\t\t<\/div>\n\t\t\t\t<div class=\"elementor-element elementor-element-7790f0a elementor-widget elementor-widget-text-editor\" data-id=\"7790f0a\" data-element_type=\"widget\" data-e-type=\"widget\" data-widget_type=\"text-editor.default\">\n\t\t\t\t<div class=\"elementor-widget-container\">\n\t\t\t\t\t\t\t\t\t<p>Wir helfen Ihnen als Bauunternehmer, den Fortschritt Ihrer Projekte kontinuierlich und objektiv zu \u00fcberwachen, ohne physisch auf der Baustelle anwesend sein zu m\u00fcssen. Alle Beteiligten arbeiten mit denselben aktuellen Mess- und Bilddaten. Zudem k\u00f6nnen wir f\u00fcr jede Bauphase ein \u201ehistorisches Archiv\u201c aufbauen. Dadurch lassen sich Jahre sp\u00e4ter Leitungen, Installationen<br>und andere Elemente pr\u00e4zise wiederfinden. Wir bieten Ihnen Kontrolle \u00fcber Planung, Qualit\u00e4t und Ausf\u00fchrung w\u00e4hrend des gesamten Bauprozesses und dank unserer Plattform bis Jahre danach.    <\/p>\t\t\t\t\t\t\t\t<\/div>\n\t\t\t\t<\/div>\n\t\t\t\t<\/div>\n\t\t\t\t<\/div>\n\t\t<div class=\"elementor-element elementor-element-4a2181a e-con-full e-flex e-con e-child\" data-id=\"4a2181a\" data-element_type=\"container\" data-e-type=\"container\" data-settings=\"{&quot;background_background&quot;:&quot;classic&quot;}\">\n\t\t<div class=\"elementor-element elementor-element-da4efab e-con-full e-flex e-con e-child\" data-id=\"da4efab\" data-element_type=\"container\" data-e-type=\"container\" data-settings=\"{&quot;background_background&quot;:&quot;classic&quot;}\">\n\t\t\t\t<\/div>\n\t\t<div class=\"elementor-element elementor-element-5683955 e-con-full e-flex e-con e-child\" data-id=\"5683955\" data-element_type=\"container\" data-e-type=\"container\">\n\t\t\t\t<div class=\"elementor-element elementor-element-b5bd5db elementor-widget elementor-widget-text-editor\" data-id=\"b5bd5db\" data-element_type=\"widget\" data-e-type=\"widget\" data-widget_type=\"text-editor.default\">\n\t\t\t\t<div class=\"elementor-widget-container\">\n\t\t\t\t\t\t\t\t\t<p>Bauunternehmen<\/p>\t\t\t\t\t\t\t\t<\/div>\n\t\t\t\t<\/div>\n\t\t\t\t<div class=\"elementor-element elementor-element-fe276ee elementor-widget__width-inherit elementor-widget elementor-widget-heading\" data-id=\"fe276ee\" data-element_type=\"widget\" data-e-type=\"widget\" data-widget_type=\"heading.default\">\n\t\t\t\t<div class=\"elementor-widget-container\">\n\t\t\t\t\t<h2 class=\"elementor-heading-title elementor-size-default\">Kontinuierliche Kontrolle \u00fcber Planung,\nLogistik und Kosten<\/h2>\t\t\t\t<\/div>\n\t\t\t\t<\/div>\n\t\t\t\t<div class=\"elementor-element elementor-element-1dca3e8 elementor-widget elementor-widget-text-editor\" data-id=\"1dca3e8\" data-element_type=\"widget\" data-e-type=\"widget\" data-widget_type=\"text-editor.default\">\n\t\t\t\t<div class=\"elementor-widget-container\">\n\t\t\t\t\t\t\t\t\t<p>Wir bieten Ihrem Bauunternehmen kontinuierlichen Einblick in den<br>Projektfortschritt sowie in die Materialstr\u00f6me auf der Baustelle. Best\u00e4nde von beispielsweise Sand, Holz und Steinen werden volumenm\u00e4\u00dfig pr\u00e4zise gemessen, wodurch An- und Abtransport besser geplant und Stillst\u00e4nde vermieden werden k\u00f6nnen. Da alle mit denselben objektiven Daten arbeiten, werden Entscheidungen schneller und weniger abh\u00e4ngig von individuellen Einsch\u00e4tzungen getroffen. Dies sorgt f\u00fcr mehr Kontrolle \u00fcber Planung, Logistik und Kosten sowie f\u00fcr Ruhe in der Ausf\u00fchrung.   <\/p>\t\t\t\t\t\t\t\t<\/div>\n\t\t\t\t<\/div>\n\t\t\t\t<\/div>\n\t\t\t\t<\/div>\n\t\t\t\t<\/div>\n\t\t<div class=\"elementor-element elementor-element-362d8d3 e-con-full e-flex e-con e-child\" data-id=\"362d8d3\" data-element_type=\"container\" data-e-type=\"container\">\n\t\t<div class=\"elementor-element elementor-element-a900fe9 e-con-full e-flex e-con e-child\" data-id=\"a900fe9\" data-element_type=\"container\" data-e-type=\"container\" data-settings=\"{&quot;background_background&quot;:&quot;classic&quot;}\">\n\t\t<div class=\"elementor-element elementor-element-5ea1d29 e-con-full e-flex e-con e-child\" data-id=\"5ea1d29\" data-element_type=\"container\" data-e-type=\"container\" data-settings=\"{&quot;background_background&quot;:&quot;classic&quot;}\">\n\t\t\t\t<\/div>\n\t\t<div class=\"elementor-element elementor-element-18b3f10 e-con-full e-flex e-con e-child\" data-id=\"18b3f10\" data-element_type=\"container\" data-e-type=\"container\">\n\t\t\t\t<div class=\"elementor-element elementor-element-55e8d0a elementor-widget elementor-widget-text-editor\" data-id=\"55e8d0a\" data-element_type=\"widget\" data-e-type=\"widget\" data-widget_type=\"text-editor.default\">\n\t\t\t\t<div class=\"elementor-widget-container\">\n\t\t\t\t\t\t\t\t\t<p>Immobilienmanager &amp; -verwalter<\/p>\t\t\t\t\t\t\t\t<\/div>\n\t\t\t\t<\/div>\n\t\t\t\t<div class=\"elementor-element elementor-element-f939395 elementor-widget__width-inherit elementor-widget elementor-widget-heading\" data-id=\"f939395\" data-element_type=\"widget\" data-e-type=\"widget\" data-widget_type=\"heading.default\">\n\t\t\t\t<div class=\"elementor-widget-container\">\n\t\t\t\t\t<h2 class=\"elementor-heading-title elementor-size-default\">Besserer Einblick in den Zustand\nIhrer Immobilien<\/h2>\t\t\t\t<\/div>\n\t\t\t\t<\/div>\n\t\t\t\t<div class=\"elementor-element elementor-element-079cfb0 elementor-widget elementor-widget-text-editor\" data-id=\"079cfb0\" data-element_type=\"widget\" data-e-type=\"widget\" data-widget_type=\"text-editor.default\">\n\t\t\t\t<div class=\"elementor-widget-container\">\n\t\t\t\t\t\t\t\t\t<p>Wir erm\u00f6glichen es, Geb\u00e4ude schnell, sicher und hochpr\u00e4zise zu kartieren, ohne Ger\u00fcste oder Hubsteiger. Durch den Einsatz von Drohnen entstehen detaillierte Luftaufnahmen und Messungen. So erhalten Sie als Immobilieneigent\u00fcmer und Verwalter einen besseren Einblick in den Zustand Ihrer Immobilien, was bei der Instandhaltungsplanung und Kostenkontrolle hilft. Inspektionen werden so schneller, effizienter und mit minimalem Aufwand durchgef\u00fchrt.   <\/p>\t\t\t\t\t\t\t\t<\/div>\n\t\t\t\t<\/div>\n\t\t\t\t<\/div>\n\t\t\t\t<\/div>\n\t\t<div class=\"elementor-element elementor-element-4bf5418 e-con-full e-flex e-con e-child\" data-id=\"4bf5418\" data-element_type=\"container\" data-e-type=\"container\" data-settings=\"{&quot;background_background&quot;:&quot;classic&quot;}\">\n\t\t<div class=\"elementor-element elementor-element-8a4fc9b e-con-full e-flex e-con e-child\" data-id=\"8a4fc9b\" data-element_type=\"container\" data-e-type=\"container\" data-settings=\"{&quot;background_background&quot;:&quot;classic&quot;}\">\n\t\t\t\t<\/div>\n\t\t<div class=\"elementor-element elementor-element-af0cdc9 e-con-full e-flex e-con e-child\" data-id=\"af0cdc9\" data-element_type=\"container\" data-e-type=\"container\">\n\t\t\t\t<div class=\"elementor-element elementor-element-d970eed elementor-widget elementor-widget-text-editor\" data-id=\"d970eed\" data-element_type=\"widget\" data-e-type=\"widget\" data-widget_type=\"text-editor.default\">\n\t\t\t\t<div class=\"elementor-widget-container\">\n\t\t\t\t\t\t\t\t\t<p>Ingenieure<\/p>\t\t\t\t\t\t\t\t<\/div>\n\t\t\t\t<\/div>\n\t\t\t\t<div class=\"elementor-element elementor-element-e24802c elementor-widget__width-inherit elementor-widget elementor-widget-heading\" data-id=\"e24802c\" data-element_type=\"widget\" data-e-type=\"widget\" data-widget_type=\"heading.default\">\n\t\t\t\t<div class=\"elementor-widget-container\">\n\t\t\t\t\t<h2 class=\"elementor-heading-title elementor-size-default\">In einem Flug eine \u00e4u\u00dferst\nobjektive Erfassung<\/h2>\t\t\t\t<\/div>\n\t\t\t\t<\/div>\n\t\t\t\t<div class=\"elementor-element elementor-element-7b5efb6 elementor-widget elementor-widget-text-editor\" data-id=\"7b5efb6\" data-element_type=\"widget\" data-e-type=\"widget\" data-widget_type=\"text-editor.default\">\n\t\t\t\t<div class=\"elementor-widget-container\">\n\t\t\t\t\t\t\t\t\t<p>Wir unterst\u00fctzen Sie als Ingenieur mithilfe von Drohnen mit pr\u00e4zisen und r\u00fcckverfolgbaren Messdaten f\u00fcr Mengen, H\u00f6hen, Durchbiegung und Gef\u00e4lle. Dies reduziert Annahmen in Berechnungen, senkt Fehlerkosten und bietet eine solide Basis f\u00fcr konstruktive und technische Begr\u00fcndungen. Die objektive Erfassung vor, w\u00e4hrend und nach der Ausf\u00fchrung bietet eine klare Beweislast bei Abweichungen und Mehrarbeit.  <\/p>\t\t\t\t\t\t\t\t<\/div>\n\t\t\t\t<\/div>\n\t\t\t\t<\/div>\n\t\t\t\t<\/div>\n\t\t<div class=\"elementor-element elementor-element-5180a90 e-con-full e-flex e-con e-child\" data-id=\"5180a90\" data-element_type=\"container\" data-e-type=\"container\" data-settings=\"{&quot;background_background&quot;:&quot;classic&quot;}\">\n\t\t<div class=\"elementor-element elementor-element-69d8caa e-con-full e-flex e-con e-child\" data-id=\"69d8caa\" data-element_type=\"container\" data-e-type=\"container\" data-settings=\"{&quot;background_background&quot;:&quot;classic&quot;}\">\n\t\t\t\t<\/div>\n\t\t<div class=\"elementor-element elementor-element-1cc5ea7 e-con-full e-flex e-con e-child\" data-id=\"1cc5ea7\" data-element_type=\"container\" data-e-type=\"container\">\n\t\t\t\t<div class=\"elementor-element elementor-element-db52efc elementor-widget elementor-widget-text-editor\" data-id=\"db52efc\" data-element_type=\"widget\" data-e-type=\"widget\" data-widget_type=\"text-editor.default\">\n\t\t\t\t<div class=\"elementor-widget-container\">\n\t\t\t\t\t\t\t\t\t<p>Architekten<\/p>\t\t\t\t\t\t\t\t<\/div>\n\t\t\t\t<\/div>\n\t\t\t\t<div class=\"elementor-element elementor-element-414bd59 elementor-widget__width-inherit elementor-widget elementor-widget-heading\" data-id=\"414bd59\" data-element_type=\"widget\" data-e-type=\"widget\" data-widget_type=\"heading.default\">\n\t\t\t\t<div class=\"elementor-widget-container\">\n\t\t\t\t\t<h2 class=\"elementor-heading-title elementor-size-default\">Zuverl\u00e4ssiger Input f\u00fcr\nEntwurf oder Renovierung<\/h2>\t\t\t\t<\/div>\n\t\t\t\t<\/div>\n\t\t\t\t<div class=\"elementor-element elementor-element-592e0c1 elementor-widget elementor-widget-text-editor\" data-id=\"592e0c1\" data-element_type=\"widget\" data-e-type=\"widget\" data-widget_type=\"text-editor.default\">\n\t\t\t\t<div class=\"elementor-widget-container\">\n\t\t\t\t\t\t\t\t\t<p>Wir unterst\u00fctzen Sie als Architekt mithilfe von Drohnen bei der objektiven und vollst\u00e4ndigen Erfassung des Ist-Zustands, von H\u00f6hen und Volumina bis hin zu Fassadenansichten und Dachneigungen. Dies macht Entw\u00fcrfe realistischer, untermauert Entscheidungen zur Nachhaltigkeit und vermeidet Annahmen in einem fr\u00fchen Stadium. Eine einzige Aufnahme liefert zuverl\u00e4ssigen Input f\u00fcr Machbarkeit, Entwurf und die gesetzliche Dokumentation.  <\/p>\t\t\t\t\t\t\t\t<\/div>\n\t\t\t\t<\/div>\n\t\t\t\t<\/div>\n\t\t\t\t<\/div>\n\t\t\t\t<\/div>\n\t\t\t\t\t<\/div>\n\t\t\t\t<\/div>\n\t\t<div class=\"elementor-element elementor-element-7ce55bb e-flex e-con-boxed e-con e-parent\" data-id=\"7ce55bb\" data-element_type=\"container\" data-e-type=\"container\" data-settings=\"{&quot;background_background&quot;:&quot;classic&quot;}\">\n\t\t\t\t\t<div class=\"e-con-inner\">\n\t\t<div class=\"elementor-element elementor-element-bff030d e-con-full e-flex e-con e-child\" data-id=\"bff030d\" data-element_type=\"container\" data-e-type=\"container\">\n\t\t<div class=\"elementor-element elementor-element-73ac0a9 e-con-full e-flex e-con e-child\" data-id=\"73ac0a9\" data-element_type=\"container\" data-e-type=\"container\">\n\t\t\t\t<div class=\"elementor-element elementor-element-ce8c53e elementor-widget elementor-widget-text-editor\" data-id=\"ce8c53e\" data-element_type=\"widget\" data-e-type=\"widget\" data-widget_type=\"text-editor.default\">\n\t\t\t\t<div class=\"elementor-widget-container\">\n\t\t\t\t\t\t\t\t\t<p>Daten &amp; Sicherheit<\/p>\t\t\t\t\t\t\t\t<\/div>\n\t\t\t\t<\/div>\n\t\t\t\t<div class=\"elementor-element elementor-element-0c8b2d8 elementor-widget__width-initial elementor-widget-tablet__width-inherit elementor-widget elementor-widget-heading\" data-id=\"0c8b2d8\" data-element_type=\"widget\" data-e-type=\"widget\" data-widget_type=\"heading.default\">\n\t\t\t\t<div class=\"elementor-widget-container\">\n\t\t\t\t\t<h2 class=\"elementor-heading-title elementor-size-default\">Vollst\u00e4ndige Kontrolle \u00fcber Ihre eigenen Daten<\/h2>\t\t\t\t<\/div>\n\t\t\t\t<\/div>\n\t\t\t\t<div class=\"elementor-element elementor-element-31d11c0 elementor-widget elementor-widget-text-editor\" data-id=\"31d11c0\" data-element_type=\"widget\" data-e-type=\"widget\" data-widget_type=\"text-editor.default\">\n\t\t\t\t<div class=\"elementor-widget-container\">\n\t\t\t\t\t\t\t\t\t<p>Bei uns stehen die Sicherheit und das Eigentum an Ihren Daten immer<br>an erster Stelle. Alle Immobiliendaten und 3D-Modelle bleiben vollst\u00e4ndig Eigentum des<br>Auftraggebers und sind ohne ausdr\u00fcckliche Zustimmung f\u00fcr Dritte nicht<br>zug\u00e4nglich. Der Zugriff erfolgt \u00fcber moderne Sicherheitsstandards,<br>einschlie\u00dflich Microsoft Single Sign-On, und die Benutzerrechte k\u00f6nnen vollst\u00e4ndig vom<br>Eigent\u00fcmer verwaltet werden. Die Daten werden sicher in EU-Rechenzentren gespeichert,<br>w\u00e4hrend der \u00dcbertragung und Speicherung verschl\u00fcsselt und t\u00e4glich gesichert. Unsere<br>Plattform arbeitet nach den Prinzipien Privacy by Design und Security by Default, ist vollst\u00e4ndig<br>DSGVO-konform und wird regelm\u00e4\u00dfig \u00fcberpr\u00fcft. Sowohl wir selbst als auch unser<br>Hosting-Provider sind \u00fcber eine Escrow-Regelung zur Kontinuit\u00e4t abgesichert.<br>Unabh\u00e4ngige Penetrationstests k\u00f6nnen in Absprache durchgef\u00fchrt werden, um die<br>Sicherheit zu pr\u00fcfen. So behalten Sie jederzeit die volle Kontrolle, Transparenz<br>und Sicherheit \u00fcber wertvolle Immobiliendaten.      <\/p>\t\t\t\t\t\t\t\t<\/div>\n\t\t\t\t<\/div>\n\t\t\t\t<\/div>\n\t\t<div class=\"elementor-element elementor-element-fc65700 e-con-full e-flex e-con e-child\" data-id=\"fc65700\" data-element_type=\"container\" data-e-type=\"container\" data-settings=\"{&quot;background_background&quot;:&quot;classic&quot;}\">\n\t\t\t\t<\/div>\n\t\t\t\t<\/div>\n\t\t\t\t\t<\/div>\n\t\t\t\t<\/div>\n\t\t\t\t<\/div>\n\t\t","protected":false},"excerpt":{"rendered":"<p>F\u00fcr wen Immobilien kartieren Wir bieten Ihnen einen objektiven Einblick in den Fortschritt und Zustand von Geb\u00e4uden undBauprojekten. Ein zentraler Datensatz erfasst jede Phase, von Messungen bis hin zuBildern. So k\u00f6nnen Sie Entscheidungen schneller und fundierter treffen.Zudem bleiben die Daten f\u00fcr immer in unserer Datenbank verf\u00fcgbar. Sie k\u00f6nnenjederzeit die komplette Historie des Projekts einsehen. Auf [&hellip;]<\/p>\n","protected":false},"author":2,"featured_media":0,"parent":0,"menu_order":0,"comment_status":"closed","ping_status":"closed","template":"elementor_header_footer","meta":{"footnotes":""},"class_list":["post-4083","page","type-page","status-publish","hentry"],"_links":{"self":[{"href":"https:\/\/dronemissions.eu\/de\/wp-json\/wp\/v2\/pages\/4083","targetHints":{"allow":["GET"]}}],"collection":[{"href":"https:\/\/dronemissions.eu\/de\/wp-json\/wp\/v2\/pages"}],"about":[{"href":"https:\/\/dronemissions.eu\/de\/wp-json\/wp\/v2\/types\/page"}],"author":[{"embeddable":true,"href":"https:\/\/dronemissions.eu\/de\/wp-json\/wp\/v2\/users\/2"}],"replies":[{"embeddable":true,"href":"https:\/\/dronemissions.eu\/de\/wp-json\/wp\/v2\/comments?post=4083"}],"version-history":[{"count":4,"href":"https:\/\/dronemissions.eu\/de\/wp-json\/wp\/v2\/pages\/4083\/revisions"}],"predecessor-version":[{"id":4688,"href":"https:\/\/dronemissions.eu\/de\/wp-json\/wp\/v2\/pages\/4083\/revisions\/4688"}],"wp:attachment":[{"href":"https:\/\/dronemissions.eu\/de\/wp-json\/wp\/v2\/media?parent=4083"}],"curies":[{"name":"wp","href":"https:\/\/api.w.org\/{rel}","templated":true}]}}