{"id":4080,"date":"2026-01-29T10:52:54","date_gmt":"2026-01-29T10:52:54","guid":{"rendered":"https:\/\/dronemissions.eu\/drohnenpilot\/"},"modified":"2026-03-25T10:37:39","modified_gmt":"2026-03-25T10:37:39","slug":"drohnenpilot","status":"publish","type":"page","link":"https:\/\/dronemissions.eu\/de\/drohnenpilot\/","title":{"rendered":"Drohnenbetreiber"},"content":{"rendered":"\t\t<div data-elementor-type=\"wp-page\" data-elementor-id=\"4080\" class=\"elementor elementor-4080 elementor-2708\" data-elementor-post-type=\"page\">\n\t\t\t\t<div class=\"elementor-element elementor-element-7e0de67 e-flex e-con-boxed e-con e-parent\" data-id=\"7e0de67\" data-element_type=\"container\" data-e-type=\"container\" data-settings=\"{&quot;background_background&quot;:&quot;classic&quot;}\">\n\t\t\t\t\t<div class=\"e-con-inner\">\n\t\t<div class=\"elementor-element elementor-element-ebb77d3 e-con-full e-flex e-con e-child\" data-id=\"ebb77d3\" data-element_type=\"container\" data-e-type=\"container\">\n\t\t<div class=\"elementor-element elementor-element-227bb76 e-con-full e-flex e-con e-child\" data-id=\"227bb76\" data-element_type=\"container\" data-e-type=\"container\" data-settings=\"{&quot;background_background&quot;:&quot;classic&quot;}\">\n\t\t\t\t<div class=\"elementor-element elementor-element-8a1e9f5 elementor-widget elementor-widget-text-editor\" data-id=\"8a1e9f5\" data-element_type=\"widget\" data-e-type=\"widget\" data-widget_type=\"text-editor.default\">\n\t\t\t\t<div class=\"elementor-widget-container\">\n\t\t\t\t\t\t\t\t\t<p>Drohnenbetreiber<\/p>\t\t\t\t\t\t\t\t<\/div>\n\t\t\t\t<\/div>\n\t\t\t\t<div class=\"elementor-element elementor-element-3f7d682 elementor-widget__width-initial elementor-widget-tablet__width-inherit elementor-widget elementor-widget-heading\" data-id=\"3f7d682\" data-element_type=\"widget\" data-e-type=\"widget\" data-widget_type=\"heading.default\">\n\t\t\t\t<div class=\"elementor-widget-container\">\n\t\t\t\t\t<h2 class=\"elementor-heading-title elementor-size-default\">Pr\u00e4sentieren Sie Ihre Daten<\/h2>\t\t\t\t<\/div>\n\t\t\t\t<\/div>\n\t\t\t\t<div class=\"elementor-element elementor-element-594e6cb elementor-widget__width-inherit elementor-widget elementor-widget-text-editor\" data-id=\"594e6cb\" data-element_type=\"widget\" data-e-type=\"widget\" data-widget_type=\"text-editor.default\">\n\t\t\t\t<div class=\"elementor-widget-container\">\n\t\t\t\t\t\t\t\t\tSind Sie Drohnenpilot und ben\u00f6tigen eine Plattform zur sicheren Speicherung, Bearbeitung und Verwaltung Ihrer Daten? Unsere Plattform erm\u00f6glicht Ihnen die professionelle, sichere und \u00fcbersichtliche Verwaltung und Weitergabe Ihrer Daten. Innerhalb weniger Minuten werden Rohaufnahmen automatisch in 3D-Modelle, Orthofotos und Punktwolken umgewandelt. So k\u00f6nnen Kunden ihr Gel\u00e4nde, Geb\u00e4ude oder Projekt detailliert betrachten, vermessen und analysieren \u2013 ganz ohne spezielle Software.   \t\t\t\t\t\t\t\t<\/div>\n\t\t\t\t<\/div>\n\t\t<div class=\"elementor-element elementor-element-172bab9 e-con-full e-flex e-con e-child\" data-id=\"172bab9\" data-element_type=\"container\" data-e-type=\"container\">\n\t\t\t\t<div class=\"elementor-element elementor-element-c2df3f9 elementor-align-right elementor-widget elementor-widget-button\" data-id=\"c2df3f9\" data-element_type=\"widget\" data-e-type=\"widget\" data-widget_type=\"button.default\">\n\t\t\t\t<div class=\"elementor-widget-container\">\n\t\t\t\t\t\t\t\t\t<div class=\"elementor-button-wrapper\">\n\t\t\t\t\t<a class=\"elementor-button elementor-button-link elementor-size-sm\" href=\"https:\/\/dronemissions.eu\/de\/werden-sie-teil-unseres-netzwerks\/\">\n\t\t\t\t\t\t<span class=\"elementor-button-content-wrapper\">\n\t\t\t\t\t\t\t\t\t<span class=\"elementor-button-text\">Partner werden<\/span>\n\t\t\t\t\t<\/span>\n\t\t\t\t\t<\/a>\n\t\t\t\t<\/div>\n\t\t\t\t\t\t\t\t<\/div>\n\t\t\t\t<\/div>\n\t\t\t\t<div class=\"elementor-element elementor-element-7f1bbb4 elementor-align-right elementor-widget elementor-widget-button\" data-id=\"7f1bbb4\" data-element_type=\"widget\" data-e-type=\"widget\" data-widget_type=\"button.default\">\n\t\t\t\t<div class=\"elementor-widget-container\">\n\t\t\t\t\t\t\t\t\t<div class=\"elementor-button-wrapper\">\n\t\t\t\t\t<a class=\"elementor-button elementor-button-link elementor-size-sm\" href=\"https:\/\/dronemissions.eu\/de\/demo-anfordern\/\">\n\t\t\t\t\t\t<span class=\"elementor-button-content-wrapper\">\n\t\t\t\t\t\t\t\t\t<span class=\"elementor-button-text\">Demo anfordern<\/span>\n\t\t\t\t\t<\/span>\n\t\t\t\t\t<\/a>\n\t\t\t\t<\/div>\n\t\t\t\t\t\t\t\t<\/div>\n\t\t\t\t<\/div>\n\t\t\t\t<\/div>\n\t\t\t\t<\/div>\n\t\t<div class=\"elementor-element elementor-element-706dac9 e-con-full e-flex e-con e-child\" data-id=\"706dac9\" data-element_type=\"container\" data-e-type=\"container\">\n\t\t<div class=\"elementor-element elementor-element-1a211f6 e-con-full elementor-hidden-mobile e-flex e-con e-child\" data-id=\"1a211f6\" data-element_type=\"container\" data-e-type=\"container\">\n\t\t<div class=\"elementor-element elementor-element-b98133e e-con-full e-flex e-con e-child\" data-id=\"b98133e\" data-element_type=\"container\" data-e-type=\"container\" data-settings=\"{&quot;background_background&quot;:&quot;classic&quot;}\">\n\t\t\t\t<\/div>\n\t\t<div class=\"elementor-element elementor-element-63ca7f8 e-con-full e-flex e-con e-child\" data-id=\"63ca7f8\" data-element_type=\"container\" data-e-type=\"container\">\n\t\t\t\t<\/div>\n\t\t\t\t<\/div>\n\t\t<div class=\"elementor-element elementor-element-efcaccf e-con-full e-flex e-con e-child\" data-id=\"efcaccf\" data-element_type=\"container\" data-e-type=\"container\" data-settings=\"{&quot;background_background&quot;:&quot;classic&quot;}\">\n\t\t\t\t<\/div>\n\t\t\t\t<\/div>\n\t\t\t\t<\/div>\n\t\t\t\t\t<\/div>\n\t\t\t\t<\/div>\n\t\t<div class=\"elementor-element elementor-element-ef73d10 e-flex e-con-boxed e-con e-parent\" data-id=\"ef73d10\" data-element_type=\"container\" data-e-type=\"container\" id=\"meer\" data-settings=\"{&quot;background_background&quot;:&quot;classic&quot;}\">\n\t\t\t\t\t<div class=\"e-con-inner\">\n\t\t<div class=\"elementor-element elementor-element-6a22eea e-con-full e-flex e-con e-child\" data-id=\"6a22eea\" data-element_type=\"container\" data-e-type=\"container\">\n\t\t<div class=\"elementor-element elementor-element-5074cda e-con-full e-flex e-con e-child\" data-id=\"5074cda\" data-element_type=\"container\" data-e-type=\"container\">\n\t\t\t\t<div class=\"elementor-element elementor-element-8c395ee elementor-widget elementor-widget-text-editor\" data-id=\"8c395ee\" data-element_type=\"widget\" data-e-type=\"widget\" data-widget_type=\"text-editor.default\">\n\t\t\t\t<div class=\"elementor-widget-container\">\n\t\t\t\t\t\t\t\t\t<p>Vorteile<\/p>\t\t\t\t\t\t\t\t<\/div>\n\t\t\t\t<\/div>\n\t\t\t\t<div class=\"elementor-element elementor-element-3517620 elementor-widget__width-initial elementor-widget elementor-widget-heading\" data-id=\"3517620\" data-element_type=\"widget\" data-e-type=\"widget\" data-widget_type=\"heading.default\">\n\t\t\t\t<div class=\"elementor-widget-container\">\n\t\t\t\t\t<h2 class=\"elementor-heading-title elementor-size-default\">Professionell, sicher und \u00fcbersichtlich<\/h2>\t\t\t\t<\/div>\n\t\t\t\t<\/div>\n\t\t<div class=\"elementor-element elementor-element-f633d25 e-con-full e-flex e-con e-child\" data-id=\"f633d25\" data-element_type=\"container\" data-e-type=\"container\">\n\t\t\t\t<div class=\"elementor-element elementor-element-2dd9031 elementor-align-right elementor-widget elementor-widget-button\" data-id=\"2dd9031\" data-element_type=\"widget\" data-e-type=\"widget\" data-widget_type=\"button.default\">\n\t\t\t\t<div class=\"elementor-widget-container\">\n\t\t\t\t\t\t\t\t\t<div class=\"elementor-button-wrapper\">\n\t\t\t\t\t<a class=\"elementor-button elementor-button-link elementor-size-sm\" href=\"https:\/\/dronemissions.eu\/de\/kontakt\/\">\n\t\t\t\t\t\t<span class=\"elementor-button-content-wrapper\">\n\t\t\t\t\t\t\t\t\t<span class=\"elementor-button-text\">Kontakt aufnehmen<\/span>\n\t\t\t\t\t<\/span>\n\t\t\t\t\t<\/a>\n\t\t\t\t<\/div>\n\t\t\t\t\t\t\t\t<\/div>\n\t\t\t\t<\/div>\n\t\t\t\t<\/div>\n\t\t\t\t<\/div>\n\t\t<div class=\"elementor-element elementor-element-a7d88e3 e-con-full e-flex e-con e-child\" data-id=\"a7d88e3\" data-element_type=\"container\" data-e-type=\"container\" data-settings=\"{&quot;background_background&quot;:&quot;classic&quot;}\">\n\t\t\t\t<div class=\"elementor-element elementor-element-d0eb52b elementor-widget elementor-widget-text-editor\" data-id=\"d0eb52b\" data-element_type=\"widget\" data-e-type=\"widget\" data-widget_type=\"text-editor.default\">\n\t\t\t\t<div class=\"elementor-widget-container\">\n\t\t\t\t\t\t\t\t\t<p>Daten &amp; Kosten<\/p>\t\t\t\t\t\t\t\t<\/div>\n\t\t\t\t<\/div>\n\t\t\t\t<div class=\"elementor-element elementor-element-e3ee274 elementor-widget__width-inherit elementor-widget elementor-widget-heading\" data-id=\"e3ee274\" data-element_type=\"widget\" data-e-type=\"widget\" data-widget_type=\"heading.default\">\n\t\t\t\t<div class=\"elementor-widget-container\">\n\t\t\t\t\t<h2 class=\"elementor-heading-title elementor-size-default\">Vollst\u00e4ndige Kontrolle\nohne versteckte Kosten<\/h2>\t\t\t\t<\/div>\n\t\t\t\t<\/div>\n\t\t\t\t<div class=\"elementor-element elementor-element-45ec0c8 elementor-widget elementor-widget-text-editor\" data-id=\"45ec0c8\" data-element_type=\"widget\" data-e-type=\"widget\" data-widget_type=\"text-editor.default\">\n\t\t\t\t<div class=\"elementor-widget-container\">\n\t\t\t\t\t\t\t\t\t<p>Sie behalten die vollst\u00e4ndige Kontrolle \u00fcber Ihre Daten: wer Zugriff<br>erh\u00e4lt, welche Dateien sichtbar sind und wie Projekte<br>pr\u00e4sentiert werden. Das Erstellen unbegrenzter Konten und die Zusammenarbeit mit Kollegen oder Kunden ist ohne zus\u00e4tzliche Kosten m\u00f6glich. <\/p>\t\t\t\t\t\t\t\t<\/div>\n\t\t\t\t<\/div>\n\t\t\t\t<\/div>\n\t\t<div class=\"elementor-element elementor-element-d94af8f e-con-full e-flex e-con e-child\" data-id=\"d94af8f\" data-element_type=\"container\" data-e-type=\"container\" data-settings=\"{&quot;background_background&quot;:&quot;classic&quot;}\">\n\t\t\t\t<div class=\"elementor-element elementor-element-8210c29 elementor-widget elementor-widget-text-editor\" data-id=\"8210c29\" data-element_type=\"widget\" data-e-type=\"widget\" data-widget_type=\"text-editor.default\">\n\t\t\t\t<div class=\"elementor-widget-container\">\n\t\t\t\t\t\t\t\t\t<p>Plattform<\/p>\t\t\t\t\t\t\t\t<\/div>\n\t\t\t\t<\/div>\n\t\t\t\t<div class=\"elementor-element elementor-element-0b84cd4 elementor-widget__width-inherit elementor-widget elementor-widget-heading\" data-id=\"0b84cd4\" data-element_type=\"widget\" data-e-type=\"widget\" data-widget_type=\"heading.default\">\n\t\t\t\t<div class=\"elementor-widget-container\">\n\t\t\t\t\t<h2 class=\"elementor-heading-title elementor-size-default\">Machen Sie aus jedem Flug ein\nleistungsstarkes digitales Produkt<\/h2>\t\t\t\t<\/div>\n\t\t\t\t<\/div>\n\t\t\t\t<div class=\"elementor-element elementor-element-32256ed elementor-widget elementor-widget-text-editor\" data-id=\"32256ed\" data-element_type=\"widget\" data-e-type=\"widget\" data-widget_type=\"text-editor.default\">\n\t\t\t\t<div class=\"elementor-widget-container\">\n\t\t\t\t\t\t\t\t\t<p>Die Plattform ist intuitiv, sicher und zukunftssicher,<br>geeignet f\u00fcr Bauwesen, Inspektion, Landwirtschaft und Kartografie. So wird jeder Flug zu einem leistungsstarken digitalen Produkt und einem visuellen Bericht, der Kunden wirklich weiterhilft. <\/p>\t\t\t\t\t\t\t\t<\/div>\n\t\t\t\t<\/div>\n\t\t\t\t<\/div>\n\t\t\t\t<\/div>\n\t\t\t\t\t<\/div>\n\t\t\t\t<\/div>\n\t\t<div class=\"elementor-element elementor-element-1c8d772 e-flex e-con-boxed e-con e-parent\" data-id=\"1c8d772\" data-element_type=\"container\" data-e-type=\"container\" data-settings=\"{&quot;background_background&quot;:&quot;classic&quot;}\">\n\t\t\t\t\t<div class=\"e-con-inner\">\n\t\t<div class=\"elementor-element elementor-element-cf123da e-con-full e-flex e-con e-child\" data-id=\"cf123da\" data-element_type=\"container\" data-e-type=\"container\">\n\t\t<div class=\"elementor-element elementor-element-6063556 e-con-full e-flex e-con e-child\" data-id=\"6063556\" data-element_type=\"container\" data-e-type=\"container\">\n\t\t\t\t<div class=\"elementor-element elementor-element-afff0a4 elementor-widget elementor-widget-text-editor\" data-id=\"afff0a4\" data-element_type=\"widget\" data-e-type=\"widget\" data-widget_type=\"text-editor.default\">\n\t\t\t\t<div class=\"elementor-widget-container\">\n\t\t\t\t\t\t\t\t\t<p>Daten &amp; Sicherheit<\/p>\t\t\t\t\t\t\t\t<\/div>\n\t\t\t\t<\/div>\n\t\t\t\t<div class=\"elementor-element elementor-element-76089f7 elementor-widget__width-initial elementor-widget-tablet__width-inherit elementor-widget elementor-widget-heading\" data-id=\"76089f7\" data-element_type=\"widget\" data-e-type=\"widget\" data-widget_type=\"heading.default\">\n\t\t\t\t<div class=\"elementor-widget-container\">\n\t\t\t\t\t<h2 class=\"elementor-heading-title elementor-size-default\">Vollst\u00e4ndige Kontrolle \u00fcber Ihre eigenen Daten<\/h2>\t\t\t\t<\/div>\n\t\t\t\t<\/div>\n\t\t\t\t<div class=\"elementor-element elementor-element-1ff6cb7 elementor-widget elementor-widget-text-editor\" data-id=\"1ff6cb7\" data-element_type=\"widget\" data-e-type=\"widget\" data-widget_type=\"text-editor.default\">\n\t\t\t\t<div class=\"elementor-widget-container\">\n\t\t\t\t\t\t\t\t\t<p>Bei uns stehen die Sicherheit und das Eigentum an Ihren Daten immer<br>an erster Stelle. Alle Immobiliendaten und 3D-Modelle bleiben vollst\u00e4ndig Eigentum des<br>Auftraggebers und sind f\u00fcr Dritte ohne ausdr\u00fcckliche<br>Zustimmung nicht zug\u00e4nglich. Der Zugriff erfolgt \u00fcber moderne Sicherheitsstandards,<br>einschlie\u00dflich Microsoft Single Sign-On, und die Benutzerrechte k\u00f6nnen vollst\u00e4ndig vom<br>Eigent\u00fcmer verwaltet werden. Die Daten werden sicher in EU-Rechenzentren gespeichert,<br>w\u00e4hrend der \u00dcbertragung und Speicherung verschl\u00fcsselt und t\u00e4glich gesichert. Unsere<br>Plattform arbeitet nach den Prinzipien \u201ePrivacy by Design\u201c und \u201eSecurity by Default\u201c, ist vollst\u00e4ndig<br>DSGVO-konform und wird regelm\u00e4\u00dfig \u00fcberpr\u00fcft. Sowohl wir selbst als auch unser<br>Hosting-Provider sind zur Sicherung der Kontinuit\u00e4t \u00fcber eine Escrow-Regelung abgesichert.<br>Unabh\u00e4ngige Penetrationstests k\u00f6nnen in Absprache durchgef\u00fchrt werden, um die<br>Sicherheit zu pr\u00fcfen. So behalten Sie jederzeit die volle Kontrolle, Transparenz<br>und Sicherheit \u00fcber wertvolle Immobiliendaten.      <\/p>\t\t\t\t\t\t\t\t<\/div>\n\t\t\t\t<\/div>\n\t\t\t\t<\/div>\n\t\t<div class=\"elementor-element elementor-element-a508dc0 e-con-full e-flex e-con e-child\" data-id=\"a508dc0\" data-element_type=\"container\" data-e-type=\"container\" data-settings=\"{&quot;background_background&quot;:&quot;classic&quot;}\">\n\t\t\t\t<\/div>\n\t\t\t\t<\/div>\n\t\t\t\t\t<\/div>\n\t\t\t\t<\/div>\n\t\t\t\t<\/div>\n\t\t","protected":false},"excerpt":{"rendered":"<p>Drohnenbetreiber Pr\u00e4sentieren Sie Ihre Daten Sind Sie Drohnenpilot und ben\u00f6tigen eine Plattform zur sicheren Speicherung, Bearbeitung und Verwaltung Ihrer Daten? Unsere Plattform erm\u00f6glicht Ihnen die professionelle, sichere und \u00fcbersichtliche Verwaltung und Weitergabe Ihrer Daten. Innerhalb weniger Minuten werden Rohaufnahmen automatisch in 3D-Modelle, Orthofotos und Punktwolken umgewandelt. So k\u00f6nnen Kunden ihr Gel\u00e4nde, Geb\u00e4ude oder Projekt detailliert [&hellip;]<\/p>\n","protected":false},"author":2,"featured_media":0,"parent":0,"menu_order":0,"comment_status":"closed","ping_status":"closed","template":"elementor_header_footer","meta":{"footnotes":""},"class_list":["post-4080","page","type-page","status-publish","hentry"],"_links":{"self":[{"href":"https:\/\/dronemissions.eu\/de\/wp-json\/wp\/v2\/pages\/4080","targetHints":{"allow":["GET"]}}],"collection":[{"href":"https:\/\/dronemissions.eu\/de\/wp-json\/wp\/v2\/pages"}],"about":[{"href":"https:\/\/dronemissions.eu\/de\/wp-json\/wp\/v2\/types\/page"}],"author":[{"embeddable":true,"href":"https:\/\/dronemissions.eu\/de\/wp-json\/wp\/v2\/users\/2"}],"replies":[{"embeddable":true,"href":"https:\/\/dronemissions.eu\/de\/wp-json\/wp\/v2\/comments?post=4080"}],"version-history":[{"count":3,"href":"https:\/\/dronemissions.eu\/de\/wp-json\/wp\/v2\/pages\/4080\/revisions"}],"predecessor-version":[{"id":4419,"href":"https:\/\/dronemissions.eu\/de\/wp-json\/wp\/v2\/pages\/4080\/revisions\/4419"}],"wp:attachment":[{"href":"https:\/\/dronemissions.eu\/de\/wp-json\/wp\/v2\/media?parent=4080"}],"curies":[{"name":"wp","href":"https:\/\/api.w.org\/{rel}","templated":true}]}}